{"id":438,"date":"2025-05-21T14:32:37","date_gmt":"2025-05-21T17:32:37","guid":{"rendered":"http:\/\/190.114.211.24\/?page_id=438"},"modified":"2025-07-07T23:15:43","modified_gmt":"2025-07-08T02:15:43","slug":"residencias","status":"publish","type":"page","link":"https:\/\/www.frn.utn.edu.ar\/index.php\/residencias\/","title":{"rendered":"Residencias"},"content":{"rendered":"\t\t<div data-elementor-type=\"wp-page\" data-elementor-id=\"438\" class=\"elementor elementor-438\" data-elementor-post-type=\"page\">\n\t\t\t\t<div class=\"elementor-element elementor-element-1e065a9 e-flex e-con-boxed e-con e-parent\" data-id=\"1e065a9\" data-element_type=\"container\" data-e-type=\"container\" data-settings=\"{&quot;background_background&quot;:&quot;classic&quot;}\">\n\t\t\t\t\t<div class=\"e-con-inner\">\n\t\t<div class=\"elementor-element elementor-element-d2594be e-con-full e-flex e-con e-child\" data-id=\"d2594be\" data-element_type=\"container\" data-e-type=\"container\">\n\t\t\t\t<div class=\"elementor-element elementor-element-b7e8f77 elementor-widget elementor-widget-image\" data-id=\"b7e8f77\" data-element_type=\"widget\" data-e-type=\"widget\" data-widget_type=\"image.default\">\n\t\t\t\t<div class=\"elementor-widget-container\">\n\t\t\t\t\t\t\t\t\t\t\t\t\t\t\t<img decoding=\"async\" width=\"112\" height=\"112\" src=\"https:\/\/www.frn.utn.edu.ar\/wp-content\/uploads\/2025\/05\/ic-header-utn-x2.png\" class=\"attachment-large size-large wp-image-148\" alt=\"\" \/>\t\t\t\t\t\t\t\t\t\t\t\t\t\t\t<\/div>\n\t\t\t\t<\/div>\n\t\t\t\t<div class=\"elementor-element elementor-element-f81b723 elementor-widget elementor-widget-heading\" data-id=\"f81b723\" data-element_type=\"widget\" data-e-type=\"widget\" data-widget_type=\"heading.default\">\n\t\t\t\t<div class=\"elementor-widget-container\">\n\t\t\t\t\t<h1 class=\"elementor-heading-title elementor-size-default\">Residencias <span style=\"font-weight:700\">Estudiantiles<\/span><\/h1>\t\t\t\t<\/div>\n\t\t\t\t<\/div>\n\t\t\t\t<\/div>\n\t\t\t\t\t<\/div>\n\t\t\t\t<\/div>\n\t\t<div class=\"elementor-element elementor-element-9a182e1 e-flex e-con-boxed e-con e-parent\" data-id=\"9a182e1\" data-element_type=\"container\" data-e-type=\"container\">\n\t\t\t\t\t<div class=\"e-con-inner\">\n\t\t<div class=\"elementor-element elementor-element-0c48e78 e-con-full e-flex e-con e-child\" data-id=\"0c48e78\" data-element_type=\"container\" data-e-type=\"container\">\n\t\t\t\t<div class=\"elementor-element elementor-element-0c03137 elementor-widget elementor-widget-heading\" data-id=\"0c03137\" data-element_type=\"widget\" data-e-type=\"widget\" data-widget_type=\"heading.default\">\n\t\t\t\t<div class=\"elementor-widget-container\">\n\t\t\t\t\t<h3 class=\"elementor-heading-title elementor-size-default\">Residencias Estudiantiles<\/h3>\t\t\t\t<\/div>\n\t\t\t\t<\/div>\n\t\t\t\t<div class=\"elementor-element elementor-element-4f1546c link-text elementor-widget elementor-widget-text-editor\" data-id=\"4f1546c\" data-element_type=\"widget\" data-e-type=\"widget\" data-widget_type=\"text-editor.default\">\n\t\t\t\t<div class=\"elementor-widget-container\">\n\t\t\t\t\t\t\t\t\t<p>La UTN- FRN cuenta con 3 residencias estudiantiles, las mismas est\u00e1n destinadas a estudiantes provenientes de otras localidades interesados en estudiar en la casa de altos estudios, situada en la ciudad de Plaza Huincul.<\/p><p>La Facultad Regional del Neuqu\u00e9n, actualmente dispone de 3 residencias, 2 de varones y 1 de mujeres. Las mismas tienen una capacidad de alojamiento para alrededor de 72 alumnos. Los albergues universitarios ofrecen habitaciones compartidas, espacios comunes como cocina, sala de estudios, ba\u00f1os y sala de lavado.<\/p><p>La prioridad de acceso a la residencia es para los estudiantes ingresantes a primer a\u00f1o y podr\u00e1n contar con este soporte habitacional desde el ingreso y permanecer durante el cursado, que son 5 a\u00f1os para Ingenier\u00eda Qu\u00edmica y 5 a\u00f1os m\u00e1s un semestre para Ingenier\u00eda Electr\u00f3nica. El per\u00edodo lectivo es de Febrero a Marzo.<\/p><p>Una de las mayores ventajas de las residencias es que se encuentran pr\u00f3ximas a los edificios donde se cursan las carreras, pudiendo llegar tambi\u00e9n en transporte p\u00fablico.<\/p><p>La permanencia en las residencias durante estos a\u00f1os estar\u00e1 sujeta al cumplimiento de los requisitos establecidos en el REGLAMENTO DE RESIDENCIA.<\/p><p><strong>Los ingresantes, \u00a0\u00bfC\u00f3mo deben solicitar la Residencia?<\/strong><\/p><ol><li>Enviar una nota dirigida al Decano solicitando una beca de Residencia<a name=\"x_m_2455269814849213490__Hlk57142359\"><\/a>\u00a0al siguiente correo\u00a0<a href=\"mailto:sbe@frn.utn.edu.ar\" target=\"_blank\" rel=\"noopener noreferrer\" data-auth=\"NotApplicable\">sbe@frn.utn.edu.ar<br \/><\/a><\/li><li>Completar el formulario de solicitud que contiene toda la informaci\u00f3n personal del solicitante enviar a <a href=\"mailto:sbe@frn.utn.edu.ar\" target=\"_blank\" rel=\"noopener noreferrer\" data-auth=\"NotApplicable\">sbe@frn.utn.edu.ar<br \/><\/a><\/li><li>Realizar una entrevista psicosocial que ser\u00e1 acordada con el equipo t\u00e9cnico de la Secretar\u00eda de Gesti\u00f3n Universitaria<\/li><\/ol><p><strong>Los estudiantes de 2\u00ba a 5 a\u00f1o, \u00bfC\u00f3mo deben solicitar la renovaci\u00f3n de la Residencia?<\/strong><\/p><ol><li>Dirigir una nota al Decano solicitando la renovaci\u00f3n y el rendimiento acad\u00e9mico para dar cuenta del cumplimento del Reglamento de Residencia.<\/li><\/ol><p><br \/>Esta documentaci\u00f3n deber\u00e1 ser remitida a\u00a0<a href=\"mailto:sbe@frn.utn.edu.ar\" target=\"_blank\" rel=\"noopener noreferrer\" data-auth=\"NotApplicable\">sbe@frn.utn.edu.ar<\/a><\/p>\t\t\t\t\t\t\t\t<\/div>\n\t\t\t\t<\/div>\n\t\t<div class=\"elementor-element elementor-element-bd1541c e-con-full e-flex e-con e-child\" data-id=\"bd1541c\" data-element_type=\"container\" data-e-type=\"container\">\n\t\t\t\t<div class=\"elementor-element elementor-element-7cfcfdf elementor-tablet-align-justify elementor-widget elementor-widget-button\" data-id=\"7cfcfdf\" data-element_type=\"widget\" data-e-type=\"widget\" data-widget_type=\"button.default\">\n\t\t\t\t<div class=\"elementor-widget-container\">\n\t\t\t\t\t\t\t\t\t<div class=\"elementor-button-wrapper\">\n\t\t\t\t\t<a class=\"elementor-button elementor-button-link elementor-size-sm elementor-animation-float\" href=\"\/wp-content\/uploads\/2025\/05\/nota-solicitud-beca-de-residencia-universitaria.docx\" target=\"_blank\">\n\t\t\t\t\t\t<span class=\"elementor-button-content-wrapper\">\n\t\t\t\t\t\t<span class=\"elementor-button-icon\">\n\t\t\t\t<svg aria-hidden=\"true\" class=\"e-font-icon-svg e-fas-arrow-right\" viewBox=\"0 0 448 512\" xmlns=\"http:\/\/www.w3.org\/2000\/svg\"><path d=\"M190.5 66.9l22.2-22.2c9.4-9.4 24.6-9.4 33.9 0L441 239c9.4 9.4 9.4 24.6 0 33.9L246.6 467.3c-9.4 9.4-24.6 9.4-33.9 0l-22.2-22.2c-9.5-9.5-9.3-25 .4-34.3L311.4 296H24c-13.3 0-24-10.7-24-24v-32c0-13.3 10.7-24 24-24h287.4L190.9 101.2c-9.8-9.3-10-24.8-.4-34.3z\"><\/path><\/svg>\t\t\t<\/span>\n\t\t\t\t\t\t\t\t\t<span class=\"elementor-button-text\">Nota Solicitud Beca<\/span>\n\t\t\t\t\t<\/span>\n\t\t\t\t\t<\/a>\n\t\t\t\t<\/div>\n\t\t\t\t\t\t\t\t<\/div>\n\t\t\t\t<\/div>\n\t\t\t\t<div class=\"elementor-element elementor-element-f099e6f elementor-tablet-align-justify elementor-widget elementor-widget-button\" data-id=\"f099e6f\" data-element_type=\"widget\" data-e-type=\"widget\" data-widget_type=\"button.default\">\n\t\t\t\t<div class=\"elementor-widget-container\">\n\t\t\t\t\t\t\t\t\t<div class=\"elementor-button-wrapper\">\n\t\t\t\t\t<a class=\"elementor-button elementor-button-link elementor-size-sm elementor-animation-float\" href=\"\/wp-content\/uploads\/2025\/05\/formulario-de-solicitud-de-residencia-2021.docx\" target=\"_blank\">\n\t\t\t\t\t\t<span class=\"elementor-button-content-wrapper\">\n\t\t\t\t\t\t<span class=\"elementor-button-icon\">\n\t\t\t\t<svg aria-hidden=\"true\" class=\"e-font-icon-svg e-fas-arrow-right\" viewBox=\"0 0 448 512\" xmlns=\"http:\/\/www.w3.org\/2000\/svg\"><path d=\"M190.5 66.9l22.2-22.2c9.4-9.4 24.6-9.4 33.9 0L441 239c9.4 9.4 9.4 24.6 0 33.9L246.6 467.3c-9.4 9.4-24.6 9.4-33.9 0l-22.2-22.2c-9.5-9.5-9.3-25 .4-34.3L311.4 296H24c-13.3 0-24-10.7-24-24v-32c0-13.3 10.7-24 24-24h287.4L190.9 101.2c-9.8-9.3-10-24.8-.4-34.3z\"><\/path><\/svg>\t\t\t<\/span>\n\t\t\t\t\t\t\t\t\t<span class=\"elementor-button-text\">Formulario de Solicitud<\/span>\n\t\t\t\t\t<\/span>\n\t\t\t\t\t<\/a>\n\t\t\t\t<\/div>\n\t\t\t\t\t\t\t\t<\/div>\n\t\t\t\t<\/div>\n\t\t\t\t<div class=\"elementor-element elementor-element-d7a74f2 elementor-tablet-align-justify elementor-widget elementor-widget-button\" data-id=\"d7a74f2\" data-element_type=\"widget\" data-e-type=\"widget\" data-widget_type=\"button.default\">\n\t\t\t\t<div class=\"elementor-widget-container\">\n\t\t\t\t\t\t\t\t\t<div class=\"elementor-button-wrapper\">\n\t\t\t\t\t<a class=\"elementor-button elementor-button-link elementor-size-sm elementor-animation-float\" href=\"\/wp-content\/uploads\/2025\/05\/reglamento-de-residencias.docx\" target=\"_blank\">\n\t\t\t\t\t\t<span class=\"elementor-button-content-wrapper\">\n\t\t\t\t\t\t<span class=\"elementor-button-icon\">\n\t\t\t\t<svg aria-hidden=\"true\" class=\"e-font-icon-svg e-fas-arrow-right\" viewBox=\"0 0 448 512\" xmlns=\"http:\/\/www.w3.org\/2000\/svg\"><path d=\"M190.5 66.9l22.2-22.2c9.4-9.4 24.6-9.4 33.9 0L441 239c9.4 9.4 9.4 24.6 0 33.9L246.6 467.3c-9.4 9.4-24.6 9.4-33.9 0l-22.2-22.2c-9.5-9.5-9.3-25 .4-34.3L311.4 296H24c-13.3 0-24-10.7-24-24v-32c0-13.3 10.7-24 24-24h287.4L190.9 101.2c-9.8-9.3-10-24.8-.4-34.3z\"><\/path><\/svg>\t\t\t<\/span>\n\t\t\t\t\t\t\t\t\t<span class=\"elementor-button-text\">Reglamento de Residencia<\/span>\n\t\t\t\t\t<\/span>\n\t\t\t\t\t<\/a>\n\t\t\t\t<\/div>\n\t\t\t\t\t\t\t\t<\/div>\n\t\t\t\t<\/div>\n\t\t\t\t<\/div>\n\t\t\t\t<\/div>\n\t\t<div class=\"elementor-element elementor-element-aced646 e-con-full e-flex e-con e-child\" data-id=\"aced646\" data-element_type=\"container\" data-e-type=\"container\">\n\t\t\t\t<div class=\"elementor-element elementor-element-cfce495 elementor-widget elementor-widget-image\" data-id=\"cfce495\" data-element_type=\"widget\" data-e-type=\"widget\" data-widget_type=\"image.default\">\n\t\t\t\t<div class=\"elementor-widget-container\">\n\t\t\t\t\t\t\t\t\t\t\t\t\t\t\t<img fetchpriority=\"high\" decoding=\"async\" width=\"409\" height=\"318\" src=\"https:\/\/www.frn.utn.edu.ar\/wp-content\/uploads\/2025\/06\/residencia-universitaria.png\" class=\"attachment-large size-large wp-image-1034\" alt=\"\" srcset=\"https:\/\/www.frn.utn.edu.ar\/wp-content\/uploads\/2025\/06\/residencia-universitaria.png 409w, https:\/\/www.frn.utn.edu.ar\/wp-content\/uploads\/2025\/06\/residencia-universitaria-300x233.png 300w\" sizes=\"(max-width: 409px) 100vw, 409px\" \/>\t\t\t\t\t\t\t\t\t\t\t\t\t\t\t<\/div>\n\t\t\t\t<\/div>\n\t\t\t\t<\/div>\n\t\t\t\t\t<\/div>\n\t\t\t\t<\/div>\n\t\t\t\t<\/div>\n\t\t","protected":false},"excerpt":{"rendered":"<p>Residencias Estudiantiles Residencias Estudiantiles La UTN- FRN cuenta con 3 residencias estudiantiles, las mismas est\u00e1n destinadas a estudiantes provenientes de otras localidades interesados en estudiar en la casa de altos estudios, situada en la ciudad de Plaza Huincul. La Facultad Regional del Neuqu\u00e9n, actualmente dispone de 3 residencias, 2 de varones y 1 de mujeres. [&hellip;]<\/p>\n","protected":false},"author":2,"featured_media":0,"parent":0,"menu_order":0,"comment_status":"closed","ping_status":"closed","template":"","meta":{"_acf_changed":false,"footnotes":""},"class_list":["post-438","page","type-page","status-publish","hentry"],"acf":[],"_links":{"self":[{"href":"https:\/\/www.frn.utn.edu.ar\/index.php\/wp-json\/wp\/v2\/pages\/438","targetHints":{"allow":["GET"]}}],"collection":[{"href":"https:\/\/www.frn.utn.edu.ar\/index.php\/wp-json\/wp\/v2\/pages"}],"about":[{"href":"https:\/\/www.frn.utn.edu.ar\/index.php\/wp-json\/wp\/v2\/types\/page"}],"author":[{"embeddable":true,"href":"https:\/\/www.frn.utn.edu.ar\/index.php\/wp-json\/wp\/v2\/users\/2"}],"replies":[{"embeddable":true,"href":"https:\/\/www.frn.utn.edu.ar\/index.php\/wp-json\/wp\/v2\/comments?post=438"}],"version-history":[{"count":19,"href":"https:\/\/www.frn.utn.edu.ar\/index.php\/wp-json\/wp\/v2\/pages\/438\/revisions"}],"predecessor-version":[{"id":1401,"href":"https:\/\/www.frn.utn.edu.ar\/index.php\/wp-json\/wp\/v2\/pages\/438\/revisions\/1401"}],"wp:attachment":[{"href":"https:\/\/www.frn.utn.edu.ar\/index.php\/wp-json\/wp\/v2\/media?parent=438"}],"curies":[{"name":"wp","href":"https:\/\/api.w.org\/{rel}","templated":true}]}}