{"id":415,"date":"2025-05-21T13:48:33","date_gmt":"2025-05-21T16:48:33","guid":{"rendered":"http:\/\/190.114.211.24\/?page_id=415"},"modified":"2025-12-09T22:50:00","modified_gmt":"2025-12-10T01:50:00","slug":"biblioteca","status":"publish","type":"page","link":"https:\/\/www.frn.utn.edu.ar\/index.php\/biblioteca\/","title":{"rendered":"Biblioteca"},"content":{"rendered":"\t\t<div data-elementor-type=\"wp-page\" data-elementor-id=\"415\" class=\"elementor elementor-415\" data-elementor-post-type=\"page\">\n\t\t\t\t<div class=\"elementor-element elementor-element-1e065a9 e-flex e-con-boxed e-con e-parent\" data-id=\"1e065a9\" data-element_type=\"container\" data-e-type=\"container\" data-settings=\"{&quot;background_background&quot;:&quot;classic&quot;}\">\n\t\t\t\t\t<div class=\"e-con-inner\">\n\t\t<div class=\"elementor-element elementor-element-d2594be e-con-full e-flex e-con e-child\" data-id=\"d2594be\" data-element_type=\"container\" data-e-type=\"container\">\n\t\t\t\t<div class=\"elementor-element elementor-element-b7e8f77 elementor-widget elementor-widget-image\" data-id=\"b7e8f77\" data-element_type=\"widget\" data-e-type=\"widget\" data-widget_type=\"image.default\">\n\t\t\t\t<div class=\"elementor-widget-container\">\n\t\t\t\t\t\t\t\t\t\t\t\t\t\t\t<img decoding=\"async\" width=\"131\" height=\"120\" src=\"https:\/\/www.frn.utn.edu.ar\/wp-content\/uploads\/2025\/05\/ic-header-utn-c3.png\" class=\"attachment-large size-large wp-image-167\" alt=\"\" \/>\t\t\t\t\t\t\t\t\t\t\t\t\t\t\t<\/div>\n\t\t\t\t<\/div>\n\t\t\t\t<div class=\"elementor-element elementor-element-f81b723 elementor-widget elementor-widget-heading\" data-id=\"f81b723\" data-element_type=\"widget\" data-e-type=\"widget\" data-widget_type=\"heading.default\">\n\t\t\t\t<div class=\"elementor-widget-container\">\n\t\t\t\t\t<h1 class=\"elementor-heading-title elementor-size-default\">Bibiloteca Universitaria<\/h1>\t\t\t\t<\/div>\n\t\t\t\t<\/div>\n\t\t\t\t<\/div>\n\t\t\t\t\t<\/div>\n\t\t\t\t<\/div>\n\t\t<div class=\"elementor-element elementor-element-9a182e1 e-flex e-con-boxed e-con e-parent\" data-id=\"9a182e1\" data-element_type=\"container\" data-e-type=\"container\">\n\t\t\t\t\t<div class=\"e-con-inner\">\n\t\t<div class=\"elementor-element elementor-element-0c48e78 e-con-full e-flex e-con e-child\" data-id=\"0c48e78\" data-element_type=\"container\" data-e-type=\"container\">\n\t\t\t\t<div class=\"elementor-element elementor-element-0c03137 elementor-widget elementor-widget-heading\" data-id=\"0c03137\" data-element_type=\"widget\" data-e-type=\"widget\" data-widget_type=\"heading.default\">\n\t\t\t\t<div class=\"elementor-widget-container\">\n\t\t\t\t\t<h2 class=\"elementor-heading-title elementor-size-default\">Bibiloteca Universitaria<\/h2>\t\t\t\t<\/div>\n\t\t\t\t<\/div>\n\t\t\t\t<div class=\"elementor-element elementor-element-86762c5 elementor-widget elementor-widget-n-accordion\" data-id=\"86762c5\" data-element_type=\"widget\" data-e-type=\"widget\" data-settings=\"{&quot;default_state&quot;:&quot;expanded&quot;,&quot;max_items_expended&quot;:&quot;one&quot;,&quot;n_accordion_animation_duration&quot;:{&quot;unit&quot;:&quot;ms&quot;,&quot;size&quot;:400,&quot;sizes&quot;:[]}}\" data-widget_type=\"nested-accordion.default\">\n\t\t\t\t<div class=\"elementor-widget-container\">\n\t\t\t\t\t\t\t<div class=\"e-n-accordion\" aria-label=\"Accordion. Open links with Enter or Space, close with Escape, and navigate with Arrow Keys\">\n\t\t\t\t\t\t<details id=\"e-n-accordion-item-1400\" class=\"e-n-accordion-item\" open>\n\t\t\t\t<summary class=\"e-n-accordion-item-title\" data-accordion-index=\"1\" tabindex=\"0\" aria-expanded=\"true\" aria-controls=\"e-n-accordion-item-1400\" >\n\t\t\t\t\t<span class='e-n-accordion-item-title-header'><div class=\"e-n-accordion-item-title-text\"> Misi\u00f3n <\/div><\/span>\n\t\t\t\t\t\t\t<span class='e-n-accordion-item-title-icon'>\n\t\t\t<span class='e-opened' ><svg aria-hidden=\"true\" class=\"e-font-icon-svg e-fas-minus\" viewBox=\"0 0 448 512\" xmlns=\"http:\/\/www.w3.org\/2000\/svg\"><path d=\"M416 208H32c-17.67 0-32 14.33-32 32v32c0 17.67 14.33 32 32 32h384c17.67 0 32-14.33 32-32v-32c0-17.67-14.33-32-32-32z\"><\/path><\/svg><\/span>\n\t\t\t<span class='e-closed'><svg aria-hidden=\"true\" class=\"e-font-icon-svg e-fas-plus\" viewBox=\"0 0 448 512\" xmlns=\"http:\/\/www.w3.org\/2000\/svg\"><path d=\"M416 208H272V64c0-17.67-14.33-32-32-32h-32c-17.67 0-32 14.33-32 32v144H32c-17.67 0-32 14.33-32 32v32c0 17.67 14.33 32 32 32h144v144c0 17.67 14.33 32 32 32h32c17.67 0 32-14.33 32-32V304h144c17.67 0 32-14.33 32-32v-32c0-17.67-14.33-32-32-32z\"><\/path><\/svg><\/span>\n\t\t<\/span>\n\n\t\t\t\t\t\t<\/summary>\n\t\t\t\t<div role=\"region\" aria-labelledby=\"e-n-accordion-item-1400\" class=\"elementor-element elementor-element-6b57838 e-con-full e-flex e-con e-child\" data-id=\"6b57838\" data-element_type=\"container\" data-e-type=\"container\">\n\t\t<div role=\"region\" aria-labelledby=\"e-n-accordion-item-1400\" class=\"elementor-element elementor-element-c3b3701 e-flex e-con-boxed e-con e-child\" data-id=\"c3b3701\" data-element_type=\"container\" data-e-type=\"container\">\n\t\t\t\t\t<div class=\"e-con-inner\">\n\t\t\t\t<div class=\"elementor-element elementor-element-752f49b elementor-widget elementor-widget-text-editor\" data-id=\"752f49b\" data-element_type=\"widget\" data-e-type=\"widget\" data-widget_type=\"text-editor.default\">\n\t\t\t\t<div class=\"elementor-widget-container\">\n\t\t\t\t\t\t\t\t\t<p>Acompa\u00f1ar la propuesta acad\u00e9mica de la Regional en el proceso ense\u00f1anza-aprendizaje, atendiendo y formando usuarios aut\u00f3nomos, responsables y solidarios en el uso de los recursos (material bibliogr\u00e1fico, equipos, espacios f\u00edsicos).Desempe\u00f1ar estas tareas con calidad profesional y en un marco de equidad para con todos los lectores.<\/p>\t\t\t\t\t\t\t\t<\/div>\n\t\t\t\t<\/div>\n\t\t\t\t\t<\/div>\n\t\t\t\t<\/div>\n\t\t\t\t<\/div>\n\t\t\t\t\t<\/details>\n\t\t\t\t\t\t<details id=\"e-n-accordion-item-1401\" class=\"e-n-accordion-item\" >\n\t\t\t\t<summary class=\"e-n-accordion-item-title\" data-accordion-index=\"2\" tabindex=\"-1\" aria-expanded=\"false\" aria-controls=\"e-n-accordion-item-1401\" >\n\t\t\t\t\t<span class='e-n-accordion-item-title-header'><div class=\"e-n-accordion-item-title-text\"> Reglamento Interno <\/div><\/span>\n\t\t\t\t\t\t\t<span class='e-n-accordion-item-title-icon'>\n\t\t\t<span class='e-opened' ><svg aria-hidden=\"true\" class=\"e-font-icon-svg e-fas-minus\" viewBox=\"0 0 448 512\" xmlns=\"http:\/\/www.w3.org\/2000\/svg\"><path d=\"M416 208H32c-17.67 0-32 14.33-32 32v32c0 17.67 14.33 32 32 32h384c17.67 0 32-14.33 32-32v-32c0-17.67-14.33-32-32-32z\"><\/path><\/svg><\/span>\n\t\t\t<span class='e-closed'><svg aria-hidden=\"true\" class=\"e-font-icon-svg e-fas-plus\" viewBox=\"0 0 448 512\" xmlns=\"http:\/\/www.w3.org\/2000\/svg\"><path d=\"M416 208H272V64c0-17.67-14.33-32-32-32h-32c-17.67 0-32 14.33-32 32v144H32c-17.67 0-32 14.33-32 32v32c0 17.67 14.33 32 32 32h144v144c0 17.67 14.33 32 32 32h32c17.67 0 32-14.33 32-32V304h144c17.67 0 32-14.33 32-32v-32c0-17.67-14.33-32-32-32z\"><\/path><\/svg><\/span>\n\t\t<\/span>\n\n\t\t\t\t\t\t<\/summary>\n\t\t\t\t<div role=\"region\" aria-labelledby=\"e-n-accordion-item-1401\" class=\"elementor-element elementor-element-13161ca e-con-full e-flex e-con e-child\" data-id=\"13161ca\" data-element_type=\"container\" data-e-type=\"container\">\n\t\t<div role=\"region\" aria-labelledby=\"e-n-accordion-item-1401\" class=\"elementor-element elementor-element-c655c4f e-flex e-con-boxed e-con e-child\" data-id=\"c655c4f\" data-element_type=\"container\" data-e-type=\"container\">\n\t\t\t\t\t<div class=\"e-con-inner\">\n\t\t\t\t<div class=\"elementor-element elementor-element-8cd454b elementor-widget elementor-widget-text-editor\" data-id=\"8cd454b\" data-element_type=\"widget\" data-e-type=\"widget\" data-widget_type=\"text-editor.default\">\n\t\t\t\t<div class=\"elementor-widget-container\">\n\t\t\t\t\t\t\t\t\t<p>La Biblioteca de la Facultad Regional del Neuqu\u00e9n &#8211; Universidad Tecnol\u00f3gica Nacional, es P\u00fablica y con orientaci\u00f3n a las Carreras de Ingenier\u00eda Electr\u00f3nica, Qu\u00edmica y Tecnicaturas Universitarias que se dictan en la misma<\/p>\t\t\t\t\t\t\t\t<\/div>\n\t\t\t\t<\/div>\n\t\t\t\t\t<\/div>\n\t\t\t\t<\/div>\n\t\t\t\t<\/div>\n\t\t\t\t\t<\/details>\n\t\t\t\t\t<\/div>\n\t\t\t\t\t\t<\/div>\n\t\t\t\t<\/div>\n\t\t<div class=\"elementor-element elementor-element-0016bc7 e-con-full e-flex e-con e-child\" data-id=\"0016bc7\" data-element_type=\"container\" data-e-type=\"container\">\n\t\t<div class=\"elementor-element elementor-element-14807bf e-con-full e-flex e-con e-child\" data-id=\"14807bf\" data-element_type=\"container\" data-e-type=\"container\" data-settings=\"{&quot;background_background&quot;:&quot;classic&quot;}\">\n\t\t\t\t<div class=\"elementor-element elementor-element-10d1b74 elementor-widget elementor-widget-heading\" data-id=\"10d1b74\" data-element_type=\"widget\" data-e-type=\"widget\" data-widget_type=\"heading.default\">\n\t\t\t\t<div class=\"elementor-widget-container\">\n\t\t\t\t\t<h3 class=\"elementor-heading-title elementor-size-default\">Biblioteca Virtual<\/h3>\t\t\t\t<\/div>\n\t\t\t\t<\/div>\n\t\t\t\t<div class=\"elementor-element elementor-element-5b69b19 elementor-widget elementor-widget-text-editor\" data-id=\"5b69b19\" data-element_type=\"widget\" data-e-type=\"widget\" data-widget_type=\"text-editor.default\">\n\t\t\t\t<div class=\"elementor-widget-container\">\n\t\t\t\t\t\t\t\t\t<p>\u00bfSab\u00edas que la FRN tiene convenio con bibliotecas virtuales donde pod\u00e9s encontrar libros, tesis, documentos, textos, art\u00edculos, novedades y toda bibliograf\u00eda necesaria para tu proceso de formaci\u00f3n?<\/p>\t\t\t\t\t\t\t\t<\/div>\n\t\t\t\t<\/div>\n\t\t\t\t<div class=\"elementor-element elementor-element-1f32326 link-text elementor-widget elementor-widget-text-editor\" data-id=\"1f32326\" data-element_type=\"widget\" data-e-type=\"widget\" data-widget_type=\"text-editor.default\">\n\t\t\t\t<div class=\"elementor-widget-container\">\n\t\t\t\t\t\t\t\t\t<p>Solo ten\u00e9s que ingresar a la p\u00e1gina<\/p><p><a href=\"https:\/\/elibro.com\/\">https:\/\/elibro.com\/<\/a><\/p><p>Tambi\u00e9n puede ser de gran utilidad la Biblioteca Electr\u00f3nica de Ciencia y Tecnolog\u00eda<\/p><p><a href=\"http:\/\/www.biblioteca.mincyt.gob.ar\">www.biblioteca.mincyt.gob.ar<\/a><\/p>\t\t\t\t\t\t\t\t<\/div>\n\t\t\t\t<\/div>\n\t\t\t\t<div class=\"elementor-element elementor-element-5af16fd link-text elementor-widget elementor-widget-text-editor\" data-id=\"5af16fd\" data-element_type=\"widget\" data-e-type=\"widget\" data-widget_type=\"text-editor.default\">\n\t\t\t\t<div class=\"elementor-widget-container\">\n\t\t\t\t\t\t\t\t\t<p>Y, adem\u00e1s est\u00e1 disponible para toda la comunidad universitaria, el Repositorio Institucional Abierto RAI de la Universidad de Ingenier\u00edas m\u00e1s grande del pa\u00eds.<\/p><p>El RIA es un archivo digital cuyo objetivo es brindar acceso abierto a producciones cient\u00edficas y acad\u00e9micas elaboradas por docentes, investigadores y tecn\u00f3logos de la Universidad.<\/p><p>Te invitamos a \u2026<br \/><a href=\"https:\/\/ria.utn.edu.ar\/\">https:\/\/ria.utn.edu.ar\/<\/a><\/p>\t\t\t\t\t\t\t\t<\/div>\n\t\t\t\t<\/div>\n\t\t<div class=\"elementor-element elementor-element-ceb3f85 e-con-full e-flex e-con e-child\" data-id=\"ceb3f85\" data-element_type=\"container\" data-e-type=\"container\" data-settings=\"{&quot;background_background&quot;:&quot;classic&quot;}\">\n\t\t\t\t<div class=\"elementor-element elementor-element-373ce8e elementor-widget elementor-widget-heading\" data-id=\"373ce8e\" data-element_type=\"widget\" data-e-type=\"widget\" data-widget_type=\"heading.default\">\n\t\t\t\t<div class=\"elementor-widget-container\">\n\t\t\t\t\t<h3 class=\"elementor-heading-title elementor-size-default\">Lugar y horario de atenci\u00f3n<\/h3>\t\t\t\t<\/div>\n\t\t\t\t<\/div>\n\t\t\t\t<div class=\"elementor-element elementor-element-20ab7f7 link-text elementor-widget elementor-widget-text-editor\" data-id=\"20ab7f7\" data-element_type=\"widget\" data-e-type=\"widget\" data-widget_type=\"text-editor.default\">\n\t\t\t\t<div class=\"elementor-widget-container\">\n\t\t\t\t\t\t\t\t\t<p>Bibliotecaria: <strong>Susana Y\u00e1\u00f1ez<\/strong><br \/>Contacto: <a href=\"mailto:syanez@frn.utn.edu.ar\">syanez@frn.utn.edu.ar<\/a><br \/><a href=\"mailto:biblioteca@frn.utn.edu.ar\"><span style=\"font-weight: 400;\">biblioteca@frn.utn.edu.ar<\/span><\/a> <\/p><p><br \/>Horario de atenci\u00f3n<br \/><span style=\"font-weight: 400;\">De Lunes a Viernes de 14hs a 20:30hs. En sede Central <\/span><\/p><p><span style=\"font-weight: 400;\">De 15:00 a 20:30 hs.\u00a0 biblioteca Anexo Barrio Uno<\/span><\/p>\t\t\t\t\t\t\t\t<\/div>\n\t\t\t\t<\/div>\n\t\t\t\t<\/div>\n\t\t\t\t<\/div>\n\t\t\t\t<\/div>\n\t\t\t\t<\/div>\n\t\t<div class=\"elementor-element elementor-element-aced646 e-con-full e-flex e-con e-child\" data-id=\"aced646\" data-element_type=\"container\" data-e-type=\"container\">\n\t\t\t\t<div class=\"elementor-element elementor-element-cfce495 elementor-widget elementor-widget-image\" data-id=\"cfce495\" data-element_type=\"widget\" data-e-type=\"widget\" data-widget_type=\"image.default\">\n\t\t\t\t<div class=\"elementor-widget-container\">\n\t\t\t\t\t\t\t\t\t\t\t\t\t\t\t<img fetchpriority=\"high\" decoding=\"async\" width=\"409\" height=\"318\" src=\"https:\/\/www.frn.utn.edu.ar\/wp-content\/uploads\/2025\/06\/img-bibilioteca.png\" class=\"attachment-large size-large wp-image-1007\" alt=\"\" srcset=\"https:\/\/www.frn.utn.edu.ar\/wp-content\/uploads\/2025\/06\/img-bibilioteca.png 409w, https:\/\/www.frn.utn.edu.ar\/wp-content\/uploads\/2025\/06\/img-bibilioteca-300x233.png 300w\" sizes=\"(max-width: 409px) 100vw, 409px\" \/>\t\t\t\t\t\t\t\t\t\t\t\t\t\t\t<\/div>\n\t\t\t\t<\/div>\n\t\t<div class=\"elementor-element elementor-element-336b6ae e-con-full e-flex e-con e-child\" data-id=\"336b6ae\" data-element_type=\"container\" data-e-type=\"container\">\n\t\t\t\t<div class=\"elementor-element elementor-element-66d5918 elementor-widget elementor-widget-image\" data-id=\"66d5918\" data-element_type=\"widget\" data-e-type=\"widget\" data-widget_type=\"image.default\">\n\t\t\t\t<div class=\"elementor-widget-container\">\n\t\t\t\t\t\t\t\t\t\t\t\t\t\t\t<img decoding=\"async\" width=\"60\" height=\"52\" src=\"https:\/\/www.frn.utn.edu.ar\/wp-content\/uploads\/2025\/06\/ic-dudas.svg\" class=\"attachment-large size-large wp-image-858\" alt=\"\" \/>\t\t\t\t\t\t\t\t\t\t\t\t\t\t\t<\/div>\n\t\t\t\t<\/div>\n\t\t\t\t<div class=\"elementor-element elementor-element-2619528 elementor-widget__width-initial elementor-widget elementor-widget-heading\" data-id=\"2619528\" data-element_type=\"widget\" data-e-type=\"widget\" data-widget_type=\"heading.default\">\n\t\t\t\t<div class=\"elementor-widget-container\">\n\t\t\t\t\t<h3 class=\"elementor-heading-title elementor-size-default\">Consultas \u00e1rea Biblioteca<\/h3>\t\t\t\t<\/div>\n\t\t\t\t<\/div>\n\t\t\t\t<div class=\"elementor-element elementor-element-034c4b1 link-text elementor-widget elementor-widget-text-editor\" data-id=\"034c4b1\" data-element_type=\"widget\" data-e-type=\"widget\" data-widget_type=\"text-editor.default\">\n\t\t\t\t<div class=\"elementor-widget-container\">\n\t\t\t\t\t\t\t\t\t<p>Escribinos a<br \/><a href=\"mailto:biblioteca@frn.utn.edu.ar\">biblioteca@frn.utn.edu.ar <\/a><\/p>\t\t\t\t\t\t\t\t<\/div>\n\t\t\t\t<\/div>\n\t\t\t\t<\/div>\n\t\t<div class=\"elementor-element elementor-element-d2ddf87 e-con-full e-flex e-con e-child\" data-id=\"d2ddf87\" data-element_type=\"container\" data-e-type=\"container\">\n\t\t\t\t<div class=\"elementor-element elementor-element-d416b03 elementor-widget elementor-widget-image\" data-id=\"d416b03\" data-element_type=\"widget\" data-e-type=\"widget\" data-widget_type=\"image.default\">\n\t\t\t\t<div class=\"elementor-widget-container\">\n\t\t\t\t\t\t\t\t\t\t\t\t\t\t\t<img loading=\"lazy\" decoding=\"async\" width=\"800\" height=\"800\" src=\"https:\/\/www.frn.utn.edu.ar\/wp-content\/uploads\/2025\/12\/thumbnail_Carrete-eBooks-7-24-UTN-Neuquein-1024x1024.jpg\" class=\"attachment-large size-large wp-image-2221\" alt=\"\" srcset=\"https:\/\/www.frn.utn.edu.ar\/wp-content\/uploads\/2025\/12\/thumbnail_Carrete-eBooks-7-24-UTN-Neuquein-1024x1024.jpg 1024w, https:\/\/www.frn.utn.edu.ar\/wp-content\/uploads\/2025\/12\/thumbnail_Carrete-eBooks-7-24-UTN-Neuquein-300x300.jpg 300w, https:\/\/www.frn.utn.edu.ar\/wp-content\/uploads\/2025\/12\/thumbnail_Carrete-eBooks-7-24-UTN-Neuquein-150x150.jpg 150w, https:\/\/www.frn.utn.edu.ar\/wp-content\/uploads\/2025\/12\/thumbnail_Carrete-eBooks-7-24-UTN-Neuquein-768x768.jpg 768w, https:\/\/www.frn.utn.edu.ar\/wp-content\/uploads\/2025\/12\/thumbnail_Carrete-eBooks-7-24-UTN-Neuquein.jpg 1080w\" sizes=\"(max-width: 800px) 100vw, 800px\" \/>\t\t\t\t\t\t\t\t\t\t\t\t\t\t\t<\/div>\n\t\t\t\t<\/div>\n\t\t\t\t<div class=\"elementor-element elementor-element-1778b3e elementor-button-info elementor-align-center elementor-widget elementor-widget-button\" data-id=\"1778b3e\" data-element_type=\"widget\" data-e-type=\"widget\" data-widget_type=\"button.default\">\n\t\t\t\t<div class=\"elementor-widget-container\">\n\t\t\t\t\t\t\t\t\t<div class=\"elementor-button-wrapper\">\n\t\t\t\t\t<a class=\"elementor-button elementor-button-link elementor-size-sm\" href=\"https:\/\/www.ebooks7-24.com\">\n\t\t\t\t\t\t<span class=\"elementor-button-content-wrapper\">\n\t\t\t\t\t\t\t\t\t<span class=\"elementor-button-text\">INGRESAR AQUI<\/span>\n\t\t\t\t\t<\/span>\n\t\t\t\t\t<\/a>\n\t\t\t\t<\/div>\n\t\t\t\t\t\t\t\t<\/div>\n\t\t\t\t<\/div>\n\t\t\t\t<\/div>\n\t\t\t\t<\/div>\n\t\t\t\t\t<\/div>\n\t\t\t\t<\/div>\n\t\t\t\t<\/div>\n\t\t","protected":false},"excerpt":{"rendered":"<p>Bibiloteca Universitaria Bibiloteca Universitaria Misi\u00f3n Acompa\u00f1ar la propuesta acad\u00e9mica de la Regional en el proceso ense\u00f1anza-aprendizaje, atendiendo y formando usuarios aut\u00f3nomos, responsables y solidarios en el uso de los recursos (material bibliogr\u00e1fico, equipos, espacios f\u00edsicos).Desempe\u00f1ar estas tareas con calidad profesional y en un marco de equidad para con todos los lectores. Reglamento Interno La Biblioteca [&hellip;]<\/p>\n","protected":false},"author":2,"featured_media":0,"parent":0,"menu_order":0,"comment_status":"closed","ping_status":"closed","template":"","meta":{"_acf_changed":false,"footnotes":""},"class_list":["post-415","page","type-page","status-publish","hentry"],"acf":[],"_links":{"self":[{"href":"https:\/\/www.frn.utn.edu.ar\/index.php\/wp-json\/wp\/v2\/pages\/415","targetHints":{"allow":["GET"]}}],"collection":[{"href":"https:\/\/www.frn.utn.edu.ar\/index.php\/wp-json\/wp\/v2\/pages"}],"about":[{"href":"https:\/\/www.frn.utn.edu.ar\/index.php\/wp-json\/wp\/v2\/types\/page"}],"author":[{"embeddable":true,"href":"https:\/\/www.frn.utn.edu.ar\/index.php\/wp-json\/wp\/v2\/users\/2"}],"replies":[{"embeddable":true,"href":"https:\/\/www.frn.utn.edu.ar\/index.php\/wp-json\/wp\/v2\/comments?post=415"}],"version-history":[{"count":40,"href":"https:\/\/www.frn.utn.edu.ar\/index.php\/wp-json\/wp\/v2\/pages\/415\/revisions"}],"predecessor-version":[{"id":2224,"href":"https:\/\/www.frn.utn.edu.ar\/index.php\/wp-json\/wp\/v2\/pages\/415\/revisions\/2224"}],"wp:attachment":[{"href":"https:\/\/www.frn.utn.edu.ar\/index.php\/wp-json\/wp\/v2\/media?parent=415"}],"curies":[{"name":"wp","href":"https:\/\/api.w.org\/{rel}","templated":true}]}}