{"id":344,"date":"2025-05-20T20:43:41","date_gmt":"2025-05-20T23:43:41","guid":{"rendered":"http:\/\/190.114.211.24\/?page_id=344"},"modified":"2026-03-12T16:39:05","modified_gmt":"2026-03-12T19:39:05","slug":"maestria-en-procesos-biotecnologicos","status":"publish","type":"page","link":"https:\/\/www.frn.utn.edu.ar\/index.php\/maestria-en-procesos-biotecnologicos\/","title":{"rendered":"Maestr\u00eda en Procesos Biotecnol\u00f3gicos &#8211; Carrera PosGrado"},"content":{"rendered":"\t\t<div data-elementor-type=\"wp-page\" data-elementor-id=\"344\" class=\"elementor elementor-344\" data-elementor-post-type=\"page\">\n\t\t\t\t<div class=\"elementor-element elementor-element-1e065a9 e-flex e-con-boxed e-con e-parent\" data-id=\"1e065a9\" data-element_type=\"container\" data-e-type=\"container\" data-settings=\"{&quot;background_background&quot;:&quot;classic&quot;}\">\n\t\t\t\t\t<div class=\"e-con-inner\">\n\t\t<div class=\"elementor-element elementor-element-d2594be e-con-full e-flex e-con e-child\" data-id=\"d2594be\" data-element_type=\"container\" data-e-type=\"container\">\n\t\t\t\t<div class=\"elementor-element elementor-element-b7e8f77 elementor-widget elementor-widget-image\" data-id=\"b7e8f77\" data-element_type=\"widget\" data-e-type=\"widget\" data-widget_type=\"image.default\">\n\t\t\t\t<div class=\"elementor-widget-container\">\n\t\t\t\t\t\t\t\t\t\t\t\t\t\t\t<img decoding=\"async\" width=\"131\" height=\"120\" src=\"https:\/\/www.frn.utn.edu.ar\/wp-content\/uploads\/2025\/05\/ic-header-utn-c3.png\" class=\"attachment-large size-large wp-image-167\" alt=\"\" \/>\t\t\t\t\t\t\t\t\t\t\t\t\t\t\t<\/div>\n\t\t\t\t<\/div>\n\t\t\t\t<div class=\"elementor-element elementor-element-f81b723 elementor-widget elementor-widget-heading\" data-id=\"f81b723\" data-element_type=\"widget\" data-e-type=\"widget\" data-widget_type=\"heading.default\">\n\t\t\t\t<div class=\"elementor-widget-container\">\n\t\t\t\t\t<h1 class=\"elementor-heading-title elementor-size-default\">Carrera de Posgrado<\/h1>\t\t\t\t<\/div>\n\t\t\t\t<\/div>\n\t\t\t\t<\/div>\n\t\t\t\t\t<\/div>\n\t\t\t\t<\/div>\n\t\t<div class=\"elementor-element elementor-element-9a182e1 e-flex e-con-boxed e-con e-parent\" data-id=\"9a182e1\" data-element_type=\"container\" data-e-type=\"container\">\n\t\t\t\t\t<div class=\"e-con-inner\">\n\t\t<div class=\"elementor-element elementor-element-0c48e78 e-con-full e-flex e-con e-child\" data-id=\"0c48e78\" data-element_type=\"container\" data-e-type=\"container\">\n\t\t\t\t<div class=\"elementor-element elementor-element-0c03137 elementor-widget elementor-widget-heading\" data-id=\"0c03137\" data-element_type=\"widget\" data-e-type=\"widget\" data-widget_type=\"heading.default\">\n\t\t\t\t<div class=\"elementor-widget-container\">\n\t\t\t\t\t<h3 class=\"elementor-heading-title elementor-size-default\">Maestr\u00eda en Procesos Biotecnol\u00f3gicos\n<\/h3>\t\t\t\t<\/div>\n\t\t\t\t<\/div>\n\t\t\t\t<div class=\"elementor-element elementor-element-b30f397 elementor-widget__width-initial elementor-widget elementor-widget-text-editor\" data-id=\"b30f397\" data-element_type=\"widget\" data-e-type=\"widget\" data-widget_type=\"text-editor.default\">\n\t\t\t\t<div class=\"elementor-widget-container\">\n\t\t\t\t\t\t\t\t\t<p>Esta carrera de posgrado proporciona una formaci\u00f3n centrada en el conocimiento de procesos biotecnol\u00f3gicos, desde una fundamentaci\u00f3n tanto te\u00f3rica como pr\u00e1ctica.<\/p>\t\t\t\t\t\t\t\t<\/div>\n\t\t\t\t<\/div>\n\t\t\t\t<div class=\"elementor-element elementor-element-dde9b1f list-link elementor-icon-list--layout-traditional elementor-list-item-link-full_width elementor-widget elementor-widget-icon-list\" data-id=\"dde9b1f\" data-element_type=\"widget\" data-e-type=\"widget\" data-widget_type=\"icon-list.default\">\n\t\t\t\t<div class=\"elementor-widget-container\">\n\t\t\t\t\t\t\t<ul class=\"elementor-icon-list-items\">\n\t\t\t\t\t\t\t<li class=\"elementor-icon-list-item\">\n\t\t\t\t\t\t\t\t\t\t\t<span class=\"elementor-icon-list-icon\">\n\t\t\t\t\t\t\t<svg xmlns=\"http:\/\/www.w3.org\/2000\/svg\" width=\"7\" height=\"8\" viewBox=\"0 0 7 8\" fill=\"none\"><path d=\"M6.84082 3.95581L0.0908199 7.85292L0.0908203 0.058696L6.84082 3.95581Z\" fill=\"#29CDE5\"><\/path><\/svg>\t\t\t\t\t\t<\/span>\n\t\t\t\t\t\t\t\t\t\t<span class=\"elementor-icon-list-text\">Modalidad sincr\u00f3nica virtual.<\/span>\n\t\t\t\t\t\t\t\t\t<\/li>\n\t\t\t\t\t\t\t\t<li class=\"elementor-icon-list-item\">\n\t\t\t\t\t\t\t\t\t\t\t<span class=\"elementor-icon-list-icon\">\n\t\t\t\t\t\t\t<svg xmlns=\"http:\/\/www.w3.org\/2000\/svg\" width=\"7\" height=\"8\" viewBox=\"0 0 7 8\" fill=\"none\"><path d=\"M6.84082 3.95581L0.0908199 7.85292L0.0908203 0.058696L6.84082 3.95581Z\" fill=\"#29CDE5\"><\/path><\/svg>\t\t\t\t\t\t<\/span>\n\t\t\t\t\t\t\t\t\t\t<span class=\"elementor-icon-list-text\">La duraci\u00f3n total del cursado es de dos a\u00f1os, m\u00e1s la realizaci\u00f3n de la tesis.<\/span>\n\t\t\t\t\t\t\t\t\t<\/li>\n\t\t\t\t\t\t\t\t<li class=\"elementor-icon-list-item\">\n\t\t\t\t\t\t\t\t\t\t\t<span class=\"elementor-icon-list-icon\">\n\t\t\t\t\t\t\t<svg xmlns=\"http:\/\/www.w3.org\/2000\/svg\" width=\"7\" height=\"8\" viewBox=\"0 0 7 8\" fill=\"none\"><path d=\"M6.84082 3.95581L0.0908199 7.85292L0.0908203 0.058696L6.84082 3.95581Z\" fill=\"#29CDE5\"><\/path><\/svg>\t\t\t\t\t\t<\/span>\n\t\t\t\t\t\t\t\t\t\t<span class=\"elementor-icon-list-text\">Inscripciones abiertas a partir de junio hasta agosto 2024.<\/span>\n\t\t\t\t\t\t\t\t\t<\/li>\n\t\t\t\t\t\t\t\t<li class=\"elementor-icon-list-item\">\n\t\t\t\t\t\t\t\t\t\t\t<span class=\"elementor-icon-list-icon\">\n\t\t\t\t\t\t\t<svg xmlns=\"http:\/\/www.w3.org\/2000\/svg\" width=\"7\" height=\"8\" viewBox=\"0 0 7 8\" fill=\"none\"><path d=\"M6.84082 3.95581L0.0908199 7.85292L0.0908203 0.058696L6.84082 3.95581Z\" fill=\"#29CDE5\"><\/path><\/svg>\t\t\t\t\t\t<\/span>\n\t\t\t\t\t\t\t\t\t\t<span class=\"elementor-icon-list-text\">Contactos: <a href=\"mailto:esalas@frn.utn.edu.ar\">esalas@frn.utn.edu.ar<\/a> o <a href=\"mailto:mngatti@frn.utn.edu.ar\">mngatti@frn.utn.edu.ar<\/a><\/span>\n\t\t\t\t\t\t\t\t\t<\/li>\n\t\t\t\t\t\t\t\t<li class=\"elementor-icon-list-item\">\n\t\t\t\t\t\t\t\t\t\t\t<span class=\"elementor-icon-list-icon\">\n\t\t\t\t\t\t\t<svg xmlns=\"http:\/\/www.w3.org\/2000\/svg\" width=\"7\" height=\"8\" viewBox=\"0 0 7 8\" fill=\"none\"><path d=\"M6.84082 3.95581L0.0908199 7.85292L0.0908203 0.058696L6.84082 3.95581Z\" fill=\"#29CDE5\"><\/path><\/svg>\t\t\t\t\t\t<\/span>\n\t\t\t\t\t\t\t\t\t\t<span class=\"elementor-icon-list-text\">Tel\u00e9fono 4960510 Int 27 de 14 a 20hs<\/span>\n\t\t\t\t\t\t\t\t\t<\/li>\n\t\t\t\t\t\t<\/ul>\n\t\t\t\t\t\t<\/div>\n\t\t\t\t<\/div>\n\t\t\t\t<div class=\"elementor-element elementor-element-bb94d54 elementor-widget__width-initial elementor-widget elementor-widget-text-editor\" data-id=\"bb94d54\" data-element_type=\"widget\" data-e-type=\"widget\" data-widget_type=\"text-editor.default\">\n\t\t\t\t<div class=\"elementor-widget-container\">\n\t\t\t\t\t\t\t\t\t<p><strong>\u00bfCu\u00e1les son los requisitos para estudiar la Maestr\u00eda en Procesos Biotecnol\u00f3gicos de la UTN FRN?<\/strong><\/p>\t\t\t\t\t\t\t\t<\/div>\n\t\t\t\t<\/div>\n\t\t\t\t<div class=\"elementor-element elementor-element-854cc7b elementor-icon-list--layout-traditional elementor-list-item-link-full_width elementor-widget elementor-widget-icon-list\" data-id=\"854cc7b\" data-element_type=\"widget\" data-e-type=\"widget\" data-widget_type=\"icon-list.default\">\n\t\t\t\t<div class=\"elementor-widget-container\">\n\t\t\t\t\t\t\t<ul class=\"elementor-icon-list-items\">\n\t\t\t\t\t\t\t<li class=\"elementor-icon-list-item\">\n\t\t\t\t\t\t\t\t\t\t\t<span class=\"elementor-icon-list-icon\">\n\t\t\t\t\t\t\t<svg xmlns=\"http:\/\/www.w3.org\/2000\/svg\" width=\"7\" height=\"8\" viewBox=\"0 0 7 8\" fill=\"none\"><path d=\"M6.84082 3.95581L0.0908199 7.85292L0.0908203 0.058696L6.84082 3.95581Z\" fill=\"#29CDE5\"><\/path><\/svg>\t\t\t\t\t\t<\/span>\n\t\t\t\t\t\t\t\t\t\t<span class=\"elementor-icon-list-text\">Para el ingreso al posgrado se exige que el aspirante posea t\u00edtulo de Ingeniero, Licenciado en Qu\u00edmica, Biolog\u00eda y Bioqu\u00edmica o t\u00edtulos equivalentes.<\/span>\n\t\t\t\t\t\t\t\t\t<\/li>\n\t\t\t\t\t\t\t\t<li class=\"elementor-icon-list-item\">\n\t\t\t\t\t\t\t\t\t\t\t<span class=\"elementor-icon-list-icon\">\n\t\t\t\t\t\t\t<svg xmlns=\"http:\/\/www.w3.org\/2000\/svg\" width=\"7\" height=\"8\" viewBox=\"0 0 7 8\" fill=\"none\"><path d=\"M6.84082 3.95581L0.0908199 7.85292L0.0908203 0.058696L6.84082 3.95581Z\" fill=\"#29CDE5\"><\/path><\/svg>\t\t\t\t\t\t<\/span>\n\t\t\t\t\t\t\t\t\t\t<span class=\"elementor-icon-list-text\">Pero tambi\u00e9n podr\u00e1n postularse como aspirantes otros profesionales, en cuyo caso, para ser admitidos, se considerar\u00e1 la compatibilidad entre sus antecedentes acad\u00e9micos y profesionales con los contenidos de la maestr\u00eda.<\/span>\n\t\t\t\t\t\t\t\t\t<\/li>\n\t\t\t\t\t\t<\/ul>\n\t\t\t\t\t\t<\/div>\n\t\t\t\t<\/div>\n\t\t\t\t<div class=\"elementor-element elementor-element-ce5eb1d elementor-widget elementor-widget-heading\" data-id=\"ce5eb1d\" data-element_type=\"widget\" data-e-type=\"widget\" data-widget_type=\"heading.default\">\n\t\t\t\t<div class=\"elementor-widget-container\">\n\t\t\t\t\t<h3 class=\"elementor-heading-title elementor-size-default\">Consultas<\/h3>\t\t\t\t<\/div>\n\t\t\t\t<\/div>\n\t\t\t\t<div class=\"elementor-element elementor-element-effd8f1 elementor-widget__width-initial link-text-regular elementor-widget elementor-widget-text-editor\" data-id=\"effd8f1\" data-element_type=\"widget\" data-e-type=\"widget\" data-widget_type=\"text-editor.default\">\n\t\t\t\t<div class=\"elementor-widget-container\">\n\t\t\t\t\t\t\t\t\t<p>Por consultas e inscripci\u00f3n contactarse al correo\u00a0<a href=\"mailto:mngatti@frn.utn.edu.ar\" data-linkindex=\"0\">mngatti@frn.utn.edu.ar<\/a>\u00a0y\/o\u00a0\u00a0<a style=\"background-color: #ffffff;\" href=\"mailto:esalas@frn.utn.edu.ar\" data-linkindex=\"1\">esalas@frn.utn.edu.ar<\/a><\/p>\t\t\t\t\t\t\t\t<\/div>\n\t\t\t\t<\/div>\n\t\t<div class=\"elementor-element elementor-element-bd1541c e-con-full e-flex e-con e-child\" data-id=\"bd1541c\" data-element_type=\"container\" data-e-type=\"container\">\n\t\t\t\t<div class=\"elementor-element elementor-element-7cfcfdf elementor-tablet-align-justify elementor-widget elementor-widget-button\" data-id=\"7cfcfdf\" data-element_type=\"widget\" data-e-type=\"widget\" data-widget_type=\"button.default\">\n\t\t\t\t<div class=\"elementor-widget-container\">\n\t\t\t\t\t\t\t\t\t<div class=\"elementor-button-wrapper\">\n\t\t\t\t\t<a class=\"elementor-button elementor-button-link elementor-size-sm elementor-animation-float\" href=\"\/wp-content\/uploads\/2025\/05\/maestria-en-procesos.pdf\" target=\"_blank\">\n\t\t\t\t\t\t<span class=\"elementor-button-content-wrapper\">\n\t\t\t\t\t\t<span class=\"elementor-button-icon\">\n\t\t\t\t<svg aria-hidden=\"true\" class=\"e-font-icon-svg e-fas-arrow-right\" viewBox=\"0 0 448 512\" xmlns=\"http:\/\/www.w3.org\/2000\/svg\"><path d=\"M190.5 66.9l22.2-22.2c9.4-9.4 24.6-9.4 33.9 0L441 239c9.4 9.4 9.4 24.6 0 33.9L246.6 467.3c-9.4 9.4-24.6 9.4-33.9 0l-22.2-22.2c-9.5-9.5-9.3-25 .4-34.3L311.4 296H24c-13.3 0-24-10.7-24-24v-32c0-13.3 10.7-24 24-24h287.4L190.9 101.2c-9.8-9.3-10-24.8-.4-34.3z\"><\/path><\/svg>\t\t\t<\/span>\n\t\t\t\t\t\t\t\t\t<span class=\"elementor-button-text\">Informaci\u00f3n General<\/span>\n\t\t\t\t\t<\/span>\n\t\t\t\t\t<\/a>\n\t\t\t\t<\/div>\n\t\t\t\t\t\t\t\t<\/div>\n\t\t\t\t<\/div>\n\t\t\t\t<\/div>\n\t\t\t\t<\/div>\n\t\t<div class=\"elementor-element elementor-element-aced646 e-con-full e-flex e-con e-child\" data-id=\"aced646\" data-element_type=\"container\" data-e-type=\"container\">\n\t\t\t\t<div class=\"elementor-element elementor-element-cfce495 elementor-widget elementor-widget-image\" data-id=\"cfce495\" data-element_type=\"widget\" data-e-type=\"widget\" data-widget_type=\"image.default\">\n\t\t\t\t<div class=\"elementor-widget-container\">\n\t\t\t\t\t\t\t\t\t\t\t\t\t\t\t<img fetchpriority=\"high\" decoding=\"async\" width=\"608\" height=\"675\" src=\"https:\/\/www.frn.utn.edu.ar\/wp-content\/uploads\/2026\/03\/maestria-procesos-bio.png\" class=\"attachment-large size-large wp-image-2461\" alt=\"\" srcset=\"https:\/\/www.frn.utn.edu.ar\/wp-content\/uploads\/2026\/03\/maestria-procesos-bio.png 608w, https:\/\/www.frn.utn.edu.ar\/wp-content\/uploads\/2026\/03\/maestria-procesos-bio-270x300.png 270w\" sizes=\"(max-width: 608px) 100vw, 608px\" \/>\t\t\t\t\t\t\t\t\t\t\t\t\t\t\t<\/div>\n\t\t\t\t<\/div>\n\t\t\t\t<\/div>\n\t\t\t\t\t<\/div>\n\t\t\t\t<\/div>\n\t\t\t\t<\/div>\n\t\t","protected":false},"excerpt":{"rendered":"<p>Carrera de Posgrado Maestr\u00eda en Procesos Biotecnol\u00f3gicos Esta carrera de posgrado proporciona una formaci\u00f3n centrada en el conocimiento de procesos biotecnol\u00f3gicos, desde una fundamentaci\u00f3n tanto te\u00f3rica como pr\u00e1ctica. Modalidad sincr\u00f3nica virtual. La duraci\u00f3n total del cursado es de dos a\u00f1os, m\u00e1s la realizaci\u00f3n de la tesis. Inscripciones abiertas a partir de junio hasta agosto 2024. [&hellip;]<\/p>\n","protected":false},"author":2,"featured_media":0,"parent":0,"menu_order":0,"comment_status":"closed","ping_status":"closed","template":"","meta":{"_acf_changed":false,"footnotes":""},"class_list":["post-344","page","type-page","status-publish","hentry"],"acf":[],"_links":{"self":[{"href":"https:\/\/www.frn.utn.edu.ar\/index.php\/wp-json\/wp\/v2\/pages\/344","targetHints":{"allow":["GET"]}}],"collection":[{"href":"https:\/\/www.frn.utn.edu.ar\/index.php\/wp-json\/wp\/v2\/pages"}],"about":[{"href":"https:\/\/www.frn.utn.edu.ar\/index.php\/wp-json\/wp\/v2\/types\/page"}],"author":[{"embeddable":true,"href":"https:\/\/www.frn.utn.edu.ar\/index.php\/wp-json\/wp\/v2\/users\/2"}],"replies":[{"embeddable":true,"href":"https:\/\/www.frn.utn.edu.ar\/index.php\/wp-json\/wp\/v2\/comments?post=344"}],"version-history":[{"count":36,"href":"https:\/\/www.frn.utn.edu.ar\/index.php\/wp-json\/wp\/v2\/pages\/344\/revisions"}],"predecessor-version":[{"id":2473,"href":"https:\/\/www.frn.utn.edu.ar\/index.php\/wp-json\/wp\/v2\/pages\/344\/revisions\/2473"}],"wp:attachment":[{"href":"https:\/\/www.frn.utn.edu.ar\/index.php\/wp-json\/wp\/v2\/media?parent=344"}],"curies":[{"name":"wp","href":"https:\/\/api.w.org\/{rel}","templated":true}]}}