{"id":168,"date":"2025-05-20T17:00:20","date_gmt":"2025-05-20T20:00:20","guid":{"rendered":"http:\/\/190.114.211.24\/?page_id=168"},"modified":"2025-10-08T23:07:13","modified_gmt":"2025-10-09T02:07:13","slug":"ingenieria-quimica","status":"publish","type":"page","link":"https:\/\/www.frn.utn.edu.ar\/index.php\/ingenieria-quimica\/","title":{"rendered":"Ingenier\u00eda Qu\u00edmica"},"content":{"rendered":"\t\t<div data-elementor-type=\"wp-page\" data-elementor-id=\"168\" class=\"elementor elementor-168\" data-elementor-post-type=\"page\">\n\t\t\t\t<div class=\"elementor-element elementor-element-1e065a9 e-flex e-con-boxed e-con e-parent\" data-id=\"1e065a9\" data-element_type=\"container\" data-e-type=\"container\" data-settings=\"{&quot;background_background&quot;:&quot;classic&quot;}\">\n\t\t\t\t\t<div class=\"e-con-inner\">\n\t\t<div class=\"elementor-element elementor-element-d2594be e-con-full e-flex e-con e-child\" data-id=\"d2594be\" data-element_type=\"container\" data-e-type=\"container\">\n\t\t\t\t<div class=\"elementor-element elementor-element-b7e8f77 elementor-widget elementor-widget-image\" data-id=\"b7e8f77\" data-element_type=\"widget\" data-e-type=\"widget\" data-widget_type=\"image.default\">\n\t\t\t\t<div class=\"elementor-widget-container\">\n\t\t\t\t\t\t\t\t\t\t\t\t\t\t\t<img decoding=\"async\" width=\"131\" height=\"120\" src=\"https:\/\/www.frn.utn.edu.ar\/wp-content\/uploads\/2025\/05\/ic-header-utn-c3.png\" class=\"attachment-large size-large wp-image-167\" alt=\"\" \/>\t\t\t\t\t\t\t\t\t\t\t\t\t\t\t<\/div>\n\t\t\t\t<\/div>\n\t\t\t\t<div class=\"elementor-element elementor-element-f81b723 elementor-widget elementor-widget-heading\" data-id=\"f81b723\" data-element_type=\"widget\" data-e-type=\"widget\" data-widget_type=\"heading.default\">\n\t\t\t\t<div class=\"elementor-widget-container\">\n\t\t\t\t\t<h1 class=\"elementor-heading-title elementor-size-default\">Ingenier\u00eda <span style=\"font-weight:700\">Qu\u00edmica<\/span><\/h1>\t\t\t\t<\/div>\n\t\t\t\t<\/div>\n\t\t\t\t<\/div>\n\t\t\t\t\t<\/div>\n\t\t\t\t<\/div>\n\t\t<div class=\"elementor-element elementor-element-9a182e1 e-flex e-con-boxed e-con e-parent\" data-id=\"9a182e1\" data-element_type=\"container\" data-e-type=\"container\">\n\t\t\t\t\t<div class=\"e-con-inner\">\n\t\t<div class=\"elementor-element elementor-element-0c48e78 e-con-full e-flex e-con e-child\" data-id=\"0c48e78\" data-element_type=\"container\" data-e-type=\"container\">\n\t\t\t\t<div class=\"elementor-element elementor-element-0c03137 elementor-widget elementor-widget-heading\" data-id=\"0c03137\" data-element_type=\"widget\" data-e-type=\"widget\" data-widget_type=\"heading.default\">\n\t\t\t\t<div class=\"elementor-widget-container\">\n\t\t\t\t\t<h2 class=\"elementor-heading-title elementor-size-default\">Ingenier\u00eda Qu\u00edmica<\/h2>\t\t\t\t<\/div>\n\t\t\t\t<\/div>\n\t\t\t\t<div class=\"elementor-element elementor-element-076450b elementor-icon-list--layout-traditional elementor-list-item-link-full_width elementor-widget elementor-widget-icon-list\" data-id=\"076450b\" data-element_type=\"widget\" data-e-type=\"widget\" data-widget_type=\"icon-list.default\">\n\t\t\t\t<div class=\"elementor-widget-container\">\n\t\t\t\t\t\t\t<ul class=\"elementor-icon-list-items\">\n\t\t\t\t\t\t\t<li class=\"elementor-icon-list-item\">\n\t\t\t\t\t\t\t\t\t\t\t<span class=\"elementor-icon-list-icon\">\n\t\t\t\t\t\t\t<svg xmlns=\"http:\/\/www.w3.org\/2000\/svg\" width=\"20\" height=\"21\" viewBox=\"0 0 20 21\" fill=\"none\"><path d=\"M8.40268 14.2074L4.54541 10.3492L5.83086 9.06376L8.40268 11.6347L13.5445 6.49194L14.8309 7.77831L8.40268 14.2074Z\" fill=\"#29CDE5\"><\/path><path fill-rule=\"evenodd\" clip-rule=\"evenodd\" d=\"M0 10.2856C0 4.76292 4.47727 0.285645 10 0.285645C15.5227 0.285645 20 4.76292 20 10.2856C20 15.8084 15.5227 20.2856 10 20.2856C4.47727 20.2856 0 15.8084 0 10.2856ZM10 18.4675C8.92555 18.4675 7.86162 18.2558 6.86895 17.8447C5.87629 17.4335 4.97433 16.8308 4.21458 16.0711C3.45483 15.3113 2.85216 14.4094 2.44099 13.4167C2.02981 12.424 1.81818 11.3601 1.81818 10.2856C1.81818 9.21119 2.02981 8.14726 2.44099 7.1546C2.85216 6.16193 3.45483 5.25998 4.21458 4.50023C4.97433 3.74047 5.87629 3.1378 6.86895 2.72663C7.86162 2.31546 8.92555 2.10383 10 2.10383C12.17 2.10383 14.251 2.96584 15.7854 4.50023C17.3198 6.03461 18.1818 8.11569 18.1818 10.2856C18.1818 12.4556 17.3198 14.5367 15.7854 16.0711C14.251 17.6055 12.17 18.4675 10 18.4675Z\" fill=\"#29CDE5\"><\/path><\/svg>\t\t\t\t\t\t<\/span>\n\t\t\t\t\t\t\t\t\t\t<span class=\"elementor-icon-list-text\"><span style=\"font-weight:700\">T\u00edtulo de grado:<\/span>\u00a0Ingenier\u00eda Qu\u00edmica Duraci\u00f3n 5 a\u00f1os.<\/span>\n\t\t\t\t\t\t\t\t\t<\/li>\n\t\t\t\t\t\t\t\t<li class=\"elementor-icon-list-item\">\n\t\t\t\t\t\t\t\t\t\t\t<span class=\"elementor-icon-list-icon\">\n\t\t\t\t\t\t\t<svg xmlns=\"http:\/\/www.w3.org\/2000\/svg\" width=\"20\" height=\"21\" viewBox=\"0 0 20 21\" fill=\"none\"><path d=\"M8.40268 14.2074L4.54541 10.3492L5.83086 9.06376L8.40268 11.6347L13.5445 6.49194L14.8309 7.77831L8.40268 14.2074Z\" fill=\"#29CDE5\"><\/path><path fill-rule=\"evenodd\" clip-rule=\"evenodd\" d=\"M0 10.2856C0 4.76292 4.47727 0.285645 10 0.285645C15.5227 0.285645 20 4.76292 20 10.2856C20 15.8084 15.5227 20.2856 10 20.2856C4.47727 20.2856 0 15.8084 0 10.2856ZM10 18.4675C8.92555 18.4675 7.86162 18.2558 6.86895 17.8447C5.87629 17.4335 4.97433 16.8308 4.21458 16.0711C3.45483 15.3113 2.85216 14.4094 2.44099 13.4167C2.02981 12.424 1.81818 11.3601 1.81818 10.2856C1.81818 9.21119 2.02981 8.14726 2.44099 7.1546C2.85216 6.16193 3.45483 5.25998 4.21458 4.50023C4.97433 3.74047 5.87629 3.1378 6.86895 2.72663C7.86162 2.31546 8.92555 2.10383 10 2.10383C12.17 2.10383 14.251 2.96584 15.7854 4.50023C17.3198 6.03461 18.1818 8.11569 18.1818 10.2856C18.1818 12.4556 17.3198 14.5367 15.7854 16.0711C14.251 17.6055 12.17 18.4675 10 18.4675Z\" fill=\"#29CDE5\"><\/path><\/svg>\t\t\t\t\t\t<\/span>\n\t\t\t\t\t\t\t\t\t\t<span class=\"elementor-icon-list-text\"><span style=\"font-weight:700\">T\u00edtulo Intermedio:<\/span>\u00a0T\u00e9cnico Universitario en Qu\u00edmica.\u00a0Duraci\u00f3n 3 a\u00f1os.<\/span>\n\t\t\t\t\t\t\t\t\t<\/li>\n\t\t\t\t\t\t<\/ul>\n\t\t\t\t\t\t<\/div>\n\t\t\t\t<\/div>\n\t\t<div class=\"elementor-element elementor-element-aed71b8 e-con-full e-flex e-con e-child\" data-id=\"aed71b8\" data-element_type=\"container\" data-e-type=\"container\">\n\t\t\t\t<div class=\"elementor-element elementor-element-da92c61 e-n-tabs-mobile elementor-widget elementor-widget-n-tabs\" data-id=\"da92c61\" data-element_type=\"widget\" data-e-type=\"widget\" data-settings=\"{&quot;tabs_justify_horizontal&quot;:&quot;stretch&quot;,&quot;horizontal_scroll&quot;:&quot;disable&quot;}\" data-widget_type=\"nested-tabs.default\">\n\t\t\t\t<div class=\"elementor-widget-container\">\n\t\t\t\t\t\t\t<div class=\"e-n-tabs\" data-widget-number=\"229190753\" aria-label=\"Pesta\u00f1as. Abr\u00ed items con Enter o la Barra Espaciadora; cerr\u00e1 con Esc y naveg\u00e1 utilizando el teclado de flechas.\">\n\t\t\t<div class=\"e-n-tabs-heading\" role=\"tablist\">\n\t\t\t\t\t<button id=\"e-n-tab-title-2291907531\" data-tab-title-id=\"e-n-tab-title-2291907531\" class=\"e-n-tab-title\" aria-selected=\"true\" data-tab-index=\"1\" role=\"tab\" tabindex=\"0\" aria-controls=\"e-n-tab-content-2291907531\" style=\"--n-tabs-title-order: 1;\">\n\t\t\t\t\t\t<span class=\"e-n-tab-title-text\">\n\t\t\t\tDescripci\u00f3n General\t\t\t<\/span>\n\t\t<\/button>\n\t\t\t\t<button id=\"e-n-tab-title-2291907532\" data-tab-title-id=\"e-n-tab-title-2291907532\" class=\"e-n-tab-title\" aria-selected=\"false\" data-tab-index=\"2\" role=\"tab\" tabindex=\"-1\" aria-controls=\"e-n-tab-content-2291907532\" style=\"--n-tabs-title-order: 2;\">\n\t\t\t\t\t\t<span class=\"e-n-tab-title-text\">\n\t\t\t\tPerfil del egresado\t\t\t<\/span>\n\t\t<\/button>\n\t\t\t\t<button id=\"e-n-tab-title-2291907533\" data-tab-title-id=\"e-n-tab-title-2291907533\" class=\"e-n-tab-title\" aria-selected=\"false\" data-tab-index=\"3\" role=\"tab\" tabindex=\"-1\" aria-controls=\"e-n-tab-content-2291907533\" style=\"--n-tabs-title-order: 3;\">\n\t\t\t\t\t\t<span class=\"e-n-tab-title-text\">\n\t\t\t\t\u00c1mbito de desempe\u00f1o\t\t\t<\/span>\n\t\t<\/button>\n\t\t\t\t\t<\/div>\n\t\t\t<div class=\"e-n-tabs-content\">\n\t\t\t\t<div id=\"e-n-tab-content-2291907531\" role=\"tabpanel\" aria-labelledby=\"e-n-tab-title-2291907531\" data-tab-index=\"1\" style=\"--n-tabs-title-order: 1;\" class=\"e-active elementor-element elementor-element-028b5ae e-con-full e-flex e-con e-child\" data-id=\"028b5ae\" data-element_type=\"container\" data-e-type=\"container\">\n\t\t<div class=\"elementor-element elementor-element-c3657e1 e-flex e-con-boxed e-con e-child\" data-id=\"c3657e1\" data-element_type=\"container\" data-e-type=\"container\">\n\t\t\t\t\t<div class=\"e-con-inner\">\n\t\t\t\t<div class=\"elementor-element elementor-element-89388f7 elementor-widget__width-initial elementor-widget elementor-widget-text-editor\" data-id=\"89388f7\" data-element_type=\"widget\" data-e-type=\"widget\" data-widget_type=\"text-editor.default\">\n\t\t\t\t<div class=\"elementor-widget-container\">\n\t\t\t\t\t\t\t\t\t<p>La metodolog\u00eda del trabajo profesional se basa en equipos interdisciplinarios. El Ingeniero qu\u00edmico posee lenguaje t\u00e9cnico necesario para relacionarse e interactuar con sus pares y con todas las otras disciplinas que intervienen en la actividad industrial.<\/p><p>Su preparaci\u00f3n b\u00e1sica en Matem\u00e1tica, F\u00edsica, Qu\u00edmica, Ciencias Sociales, Econom\u00eda y Gesti\u00f3n Ingenieril junto a su entrenamiento l\u00f3gico con la formaci\u00f3n en las disciplinas espec\u00edficas y de apoyo de la carrera, le permiten: Conocer los problemas socio &#8211; econ\u00f3micos y\/o socio pol\u00edticos de las Industrias de Proceso en relaci\u00f3n al pa\u00eds y a la regi\u00f3n; contribuir indirectamente al desarrollo del medio y al nivel de vida de la sociedad; desarrollar principios \u00e9ticos para el ejercicio profesional y crear una conciencia ecol\u00f3gica; realizar tareas de investigaci\u00f3n y desarrollo de procesos industriales y\/o sus equipos y operaciones; participar de la organizaci\u00f3n, administraci\u00f3n y conducci\u00f3n de las Empresas de las Industrias de Proceso; desarrollar su actividad profesional en forma aut\u00f3noma o en relaci\u00f3n de dependencia: en peque\u00f1as, medianas o grandes empresas o en el sector p\u00fablico.<\/p>\t\t\t\t\t\t\t\t<\/div>\n\t\t\t\t<\/div>\n\t\t\t\t\t<\/div>\n\t\t\t\t<\/div>\n\t\t\t\t<\/div>\n\t\t<div id=\"e-n-tab-content-2291907532\" role=\"tabpanel\" aria-labelledby=\"e-n-tab-title-2291907532\" data-tab-index=\"2\" style=\"--n-tabs-title-order: 2;\" class=\" elementor-element elementor-element-e6759e7 e-con-full e-flex e-con e-child\" data-id=\"e6759e7\" data-element_type=\"container\" data-e-type=\"container\">\n\t\t<div class=\"elementor-element elementor-element-db2feed e-flex e-con-boxed e-con e-child\" data-id=\"db2feed\" data-element_type=\"container\" data-e-type=\"container\">\n\t\t\t\t\t<div class=\"e-con-inner\">\n\t\t\t\t<div class=\"elementor-element elementor-element-38a4c8a elementor-widget__width-initial elementor-widget elementor-widget-text-editor\" data-id=\"38a4c8a\" data-element_type=\"widget\" data-e-type=\"widget\" data-widget_type=\"text-editor.default\">\n\t\t\t\t<div class=\"elementor-widget-container\">\n\t\t\t\t\t\t\t\t\t<p>Conocer los problemas socio &#8211; econ\u00f3micos y\/o socio pol\u00edticos de las Industrias de Proceso en relaci\u00f3n al pa\u00eds y a la regi\u00f3n.<\/p><p>Contribuir indirectamente al desarrollo del medio y al nivel de vida de la sociedad.<\/p><p>Desarrollar principios \u00e9ticos para el ejercicio profesional y crear una conciencia ecol\u00f3gica.<\/p><p>Realizar tareas de investigaci\u00f3n y desarrollo de procesos industriales y\/o sus equipos y operaciones.<\/p><p>Participar de la organizaci\u00f3n, administraci\u00f3n y conducci\u00f3n de las Empresas de las Industrias de Proceso.<\/p><p>Desarrollar su actividad profesional en forma aut\u00f3noma o en relaci\u00f3n de dependencia: en peque\u00f1as, medianas o grandes empresas o en el sector p\u00fablico.<\/p>\t\t\t\t\t\t\t\t<\/div>\n\t\t\t\t<\/div>\n\t\t\t\t\t<\/div>\n\t\t\t\t<\/div>\n\t\t\t\t<\/div>\n\t\t<div id=\"e-n-tab-content-2291907533\" role=\"tabpanel\" aria-labelledby=\"e-n-tab-title-2291907533\" data-tab-index=\"3\" style=\"--n-tabs-title-order: 3;\" class=\" elementor-element elementor-element-46b18f4 e-con-full e-flex e-con e-child\" data-id=\"46b18f4\" data-element_type=\"container\" data-e-type=\"container\">\n\t\t<div class=\"elementor-element elementor-element-db55aaa e-flex e-con-boxed e-con e-child\" data-id=\"db55aaa\" data-element_type=\"container\" data-e-type=\"container\">\n\t\t\t\t\t<div class=\"e-con-inner\">\n\t\t\t\t<div class=\"elementor-element elementor-element-8eb781c elementor-widget__width-initial elementor-widget elementor-widget-text-editor\" data-id=\"8eb781c\" data-element_type=\"widget\" data-e-type=\"widget\" data-widget_type=\"text-editor.default\">\n\t\t\t\t<div class=\"elementor-widget-container\">\n\t\t\t\t\t\t\t\t\t<p>Podr\u00e1n desarrollarse en cualquier Industria de Procesos; de transformaciones f\u00edsicas, qu\u00edmicas y de bioingenier\u00eda. Le permite atender, con preparaci\u00f3n y solvencia, estudios de factibilidad, dise\u00f1o, c\u00e1lculo, construcci\u00f3n, instalaci\u00f3n, puesta en marcha y operaci\u00f3n de Plantas de Procesos. Asimismo, ocuparse de servicios e instalaciones complementarias, de los equipos, maquinarias e instrumentos necesarios.<\/p>\t\t\t\t\t\t\t\t<\/div>\n\t\t\t\t<\/div>\n\t\t\t\t\t<\/div>\n\t\t\t\t<\/div>\n\t\t\t\t<\/div>\n\t\t\t\t\t<\/div>\n\t\t<\/div>\n\t\t\t\t\t\t<\/div>\n\t\t\t\t<\/div>\n\t\t\t\t<\/div>\n\t\t<div class=\"elementor-element elementor-element-bd1541c e-con-full e-flex e-con e-child\" data-id=\"bd1541c\" data-element_type=\"container\" data-e-type=\"container\">\n\t\t\t\t<div class=\"elementor-element elementor-element-7cfcfdf elementor-tablet-align-justify elementor-widget elementor-widget-button\" data-id=\"7cfcfdf\" data-element_type=\"widget\" data-e-type=\"widget\" data-widget_type=\"button.default\">\n\t\t\t\t<div class=\"elementor-widget-container\">\n\t\t\t\t\t\t\t\t\t<div class=\"elementor-button-wrapper\">\n\t\t\t\t\t<a class=\"elementor-button elementor-button-link elementor-size-sm elementor-animation-float\" href=\"https:\/\/www.frn.utn.edu.ar\/wp-content\/uploads\/2025\/10\/rgimen-correlatividades-ingeniera-qumica.pdf\" target=\"_blank\">\n\t\t\t\t\t\t<span class=\"elementor-button-content-wrapper\">\n\t\t\t\t\t\t<span class=\"elementor-button-icon\">\n\t\t\t\t<svg aria-hidden=\"true\" class=\"e-font-icon-svg e-fas-arrow-right\" viewBox=\"0 0 448 512\" xmlns=\"http:\/\/www.w3.org\/2000\/svg\"><path d=\"M190.5 66.9l22.2-22.2c9.4-9.4 24.6-9.4 33.9 0L441 239c9.4 9.4 9.4 24.6 0 33.9L246.6 467.3c-9.4 9.4-24.6 9.4-33.9 0l-22.2-22.2c-9.5-9.5-9.3-25 .4-34.3L311.4 296H24c-13.3 0-24-10.7-24-24v-32c0-13.3 10.7-24 24-24h287.4L190.9 101.2c-9.8-9.3-10-24.8-.4-34.3z\"><\/path><\/svg>\t\t\t<\/span>\n\t\t\t\t\t\t\t\t\t<span class=\"elementor-button-text\">Sistema de correlatividades<\/span>\n\t\t\t\t\t<\/span>\n\t\t\t\t\t<\/a>\n\t\t\t\t<\/div>\n\t\t\t\t\t\t\t\t<\/div>\n\t\t\t\t<\/div>\n\t\t\t\t<div class=\"elementor-element elementor-element-f099e6f elementor-tablet-align-justify elementor-widget elementor-widget-button\" data-id=\"f099e6f\" data-element_type=\"widget\" data-e-type=\"widget\" data-widget_type=\"button.default\">\n\t\t\t\t<div class=\"elementor-widget-container\">\n\t\t\t\t\t\t\t\t\t<div class=\"elementor-button-wrapper\">\n\t\t\t\t\t<a class=\"elementor-button elementor-button-link elementor-size-sm elementor-animation-float\" href=\"https:\/\/www.frn.utn.edu.ar\/wp-content\/uploads\/2025\/10\/plan-ing.-qumica-2023.pdf\" target=\"_blank\">\n\t\t\t\t\t\t<span class=\"elementor-button-content-wrapper\">\n\t\t\t\t\t\t<span class=\"elementor-button-icon\">\n\t\t\t\t<svg aria-hidden=\"true\" class=\"e-font-icon-svg e-fas-arrow-right\" viewBox=\"0 0 448 512\" xmlns=\"http:\/\/www.w3.org\/2000\/svg\"><path d=\"M190.5 66.9l22.2-22.2c9.4-9.4 24.6-9.4 33.9 0L441 239c9.4 9.4 9.4 24.6 0 33.9L246.6 467.3c-9.4 9.4-24.6 9.4-33.9 0l-22.2-22.2c-9.5-9.5-9.3-25 .4-34.3L311.4 296H24c-13.3 0-24-10.7-24-24v-32c0-13.3 10.7-24 24-24h287.4L190.9 101.2c-9.8-9.3-10-24.8-.4-34.3z\"><\/path><\/svg>\t\t\t<\/span>\n\t\t\t\t\t\t\t\t\t<span class=\"elementor-button-text\">Plan de estudios<\/span>\n\t\t\t\t\t<\/span>\n\t\t\t\t\t<\/a>\n\t\t\t\t<\/div>\n\t\t\t\t\t\t\t\t<\/div>\n\t\t\t\t<\/div>\n\t\t\t\t<\/div>\n\t\t\t\t<\/div>\n\t\t<div class=\"elementor-element elementor-element-aced646 e-con-full e-flex e-con e-child\" data-id=\"aced646\" data-element_type=\"container\" data-e-type=\"container\">\n\t\t\t\t<div class=\"elementor-element elementor-element-cfce495 elementor-widget elementor-widget-image\" data-id=\"cfce495\" data-element_type=\"widget\" data-e-type=\"widget\" data-widget_type=\"image.default\">\n\t\t\t\t<div class=\"elementor-widget-container\">\n\t\t\t\t\t\t\t\t\t\t\t\t\t\t\t<img fetchpriority=\"high\" decoding=\"async\" width=\"409\" height=\"319\" src=\"https:\/\/www.frn.utn.edu.ar\/wp-content\/uploads\/2025\/06\/ing-quimica-2.png\" class=\"attachment-large size-large wp-image-820\" alt=\"\" srcset=\"https:\/\/www.frn.utn.edu.ar\/wp-content\/uploads\/2025\/06\/ing-quimica-2.png 409w, https:\/\/www.frn.utn.edu.ar\/wp-content\/uploads\/2025\/06\/ing-quimica-2-300x234.png 300w\" sizes=\"(max-width: 409px) 100vw, 409px\" \/>\t\t\t\t\t\t\t\t\t\t\t\t\t\t\t<\/div>\n\t\t\t\t<\/div>\n\t\t<div class=\"elementor-element elementor-element-3e4bf13 e-con-full e-flex e-con e-child\" data-id=\"3e4bf13\" data-element_type=\"container\" data-e-type=\"container\">\n\t\t\t\t<div class=\"elementor-element elementor-element-54c7405 elementor-widget elementor-widget-image\" data-id=\"54c7405\" data-element_type=\"widget\" data-e-type=\"widget\" data-widget_type=\"image.default\">\n\t\t\t\t<div class=\"elementor-widget-container\">\n\t\t\t\t\t\t\t\t\t\t\t\t\t\t\t<img decoding=\"async\" width=\"60\" height=\"52\" src=\"https:\/\/www.frn.utn.edu.ar\/wp-content\/uploads\/2025\/06\/ic-dudas.svg\" class=\"attachment-large size-large wp-image-858\" alt=\"\" \/>\t\t\t\t\t\t\t\t\t\t\t\t\t\t\t<\/div>\n\t\t\t\t<\/div>\n\t\t\t\t<div class=\"elementor-element elementor-element-d0e5b7a elementor-widget__width-initial elementor-widget elementor-widget-heading\" data-id=\"d0e5b7a\" data-element_type=\"widget\" data-e-type=\"widget\" data-widget_type=\"heading.default\">\n\t\t\t\t<div class=\"elementor-widget-container\">\n\t\t\t\t\t<h3 class=\"elementor-heading-title elementor-size-default\">Consultas \u00e1rea acad\u00e9mica<\/h3>\t\t\t\t<\/div>\n\t\t\t\t<\/div>\n\t\t\t\t<div class=\"elementor-element elementor-element-ce10172 link-text elementor-widget elementor-widget-text-editor\" data-id=\"ce10172\" data-element_type=\"widget\" data-e-type=\"widget\" data-widget_type=\"text-editor.default\">\n\t\t\t\t<div class=\"elementor-widget-container\">\n\t\t\t\t\t\t\t\t\t<p>Escribinos a<br \/><a href=\"mailto:academica@frn.utn.edu.ar \">academica@frn.utn.edu.ar <\/a><\/p>\t\t\t\t\t\t\t\t<\/div>\n\t\t\t\t<\/div>\n\t\t\t\t<\/div>\n\t\t\t\t<\/div>\n\t\t\t\t\t<\/div>\n\t\t\t\t<\/div>\n\t\t\t\t<\/div>\n\t\t","protected":false},"excerpt":{"rendered":"<p>Ingenier\u00eda Qu\u00edmica Ingenier\u00eda Qu\u00edmica T\u00edtulo de grado:\u00a0Ingenier\u00eda Qu\u00edmica Duraci\u00f3n 5 a\u00f1os. T\u00edtulo Intermedio:\u00a0T\u00e9cnico Universitario en Qu\u00edmica.\u00a0Duraci\u00f3n 3 a\u00f1os. Descripci\u00f3n General Perfil del egresado \u00c1mbito de desempe\u00f1o La metodolog\u00eda del trabajo profesional se basa en equipos interdisciplinarios. El Ingeniero qu\u00edmico posee lenguaje t\u00e9cnico necesario para relacionarse e interactuar con sus pares y con todas las otras [&hellip;]<\/p>\n","protected":false},"author":2,"featured_media":0,"parent":0,"menu_order":0,"comment_status":"closed","ping_status":"closed","template":"","meta":{"_acf_changed":false,"footnotes":""},"class_list":["post-168","page","type-page","status-publish","hentry"],"acf":[],"_links":{"self":[{"href":"https:\/\/www.frn.utn.edu.ar\/index.php\/wp-json\/wp\/v2\/pages\/168","targetHints":{"allow":["GET"]}}],"collection":[{"href":"https:\/\/www.frn.utn.edu.ar\/index.php\/wp-json\/wp\/v2\/pages"}],"about":[{"href":"https:\/\/www.frn.utn.edu.ar\/index.php\/wp-json\/wp\/v2\/types\/page"}],"author":[{"embeddable":true,"href":"https:\/\/www.frn.utn.edu.ar\/index.php\/wp-json\/wp\/v2\/users\/2"}],"replies":[{"embeddable":true,"href":"https:\/\/www.frn.utn.edu.ar\/index.php\/wp-json\/wp\/v2\/comments?post=168"}],"version-history":[{"count":49,"href":"https:\/\/www.frn.utn.edu.ar\/index.php\/wp-json\/wp\/v2\/pages\/168\/revisions"}],"predecessor-version":[{"id":1955,"href":"https:\/\/www.frn.utn.edu.ar\/index.php\/wp-json\/wp\/v2\/pages\/168\/revisions\/1955"}],"wp:attachment":[{"href":"https:\/\/www.frn.utn.edu.ar\/index.php\/wp-json\/wp\/v2\/media?parent=168"}],"curies":[{"name":"wp","href":"https:\/\/api.w.org\/{rel}","templated":true}]}}