{"id":1076,"date":"2025-06-26T09:10:01","date_gmt":"2025-06-26T12:10:01","guid":{"rendered":"http:\/\/190.114.211.24\/?page_id=1076"},"modified":"2026-03-12T16:31:02","modified_gmt":"2026-03-12T19:31:02","slug":"maestria-en-energias-renovables-mencion-eolica-y-solar-carrera-posgrado","status":"publish","type":"page","link":"https:\/\/www.frn.utn.edu.ar\/index.php\/maestria-en-energias-renovables-mencion-eolica-y-solar-carrera-posgrado\/","title":{"rendered":"Maestr\u00eda en Energ\u00edas Renovables, Menci\u00f3n E\u00f3lica y Solar &#8211; Carrera PosGrado"},"content":{"rendered":"\t\t<div data-elementor-type=\"wp-page\" data-elementor-id=\"1076\" class=\"elementor elementor-1076\" data-elementor-post-type=\"page\">\n\t\t\t\t<div class=\"elementor-element elementor-element-1e065a9 e-flex e-con-boxed e-con e-parent\" data-id=\"1e065a9\" data-element_type=\"container\" data-e-type=\"container\" data-settings=\"{&quot;background_background&quot;:&quot;classic&quot;}\">\n\t\t\t\t\t<div class=\"e-con-inner\">\n\t\t<div class=\"elementor-element elementor-element-d2594be e-con-full e-flex e-con e-child\" data-id=\"d2594be\" data-element_type=\"container\" data-e-type=\"container\">\n\t\t\t\t<div class=\"elementor-element elementor-element-b7e8f77 elementor-widget elementor-widget-image\" data-id=\"b7e8f77\" data-element_type=\"widget\" data-e-type=\"widget\" data-widget_type=\"image.default\">\n\t\t\t\t<div class=\"elementor-widget-container\">\n\t\t\t\t\t\t\t\t\t\t\t\t\t\t\t<img decoding=\"async\" width=\"131\" height=\"120\" src=\"https:\/\/www.frn.utn.edu.ar\/wp-content\/uploads\/2025\/05\/ic-header-utn-c3.png\" class=\"attachment-large size-large wp-image-167\" alt=\"\" \/>\t\t\t\t\t\t\t\t\t\t\t\t\t\t\t<\/div>\n\t\t\t\t<\/div>\n\t\t\t\t<div class=\"elementor-element elementor-element-f81b723 elementor-widget elementor-widget-heading\" data-id=\"f81b723\" data-element_type=\"widget\" data-e-type=\"widget\" data-widget_type=\"heading.default\">\n\t\t\t\t<div class=\"elementor-widget-container\">\n\t\t\t\t\t<h1 class=\"elementor-heading-title elementor-size-default\">Carrera de Posgrado<\/h1>\t\t\t\t<\/div>\n\t\t\t\t<\/div>\n\t\t\t\t<\/div>\n\t\t\t\t\t<\/div>\n\t\t\t\t<\/div>\n\t\t<div class=\"elementor-element elementor-element-9a182e1 e-flex e-con-boxed e-con e-parent\" data-id=\"9a182e1\" data-element_type=\"container\" data-e-type=\"container\">\n\t\t\t\t\t<div class=\"e-con-inner\">\n\t\t<div class=\"elementor-element elementor-element-0c48e78 e-con-full e-flex e-con e-child\" data-id=\"0c48e78\" data-element_type=\"container\" data-e-type=\"container\">\n\t\t\t\t<div class=\"elementor-element elementor-element-0c03137 elementor-widget elementor-widget-heading\" data-id=\"0c03137\" data-element_type=\"widget\" data-e-type=\"widget\" data-widget_type=\"heading.default\">\n\t\t\t\t<div class=\"elementor-widget-container\">\n\t\t\t\t\t<h3 class=\"elementor-heading-title elementor-size-default\">Maestr\u00eda en Energ\u00edas Renovables, Menci\u00f3n E\u00f3lica y Solar\n<\/h3>\t\t\t\t<\/div>\n\t\t\t\t<\/div>\n\t\t\t\t<div class=\"elementor-element elementor-element-b30f397 elementor-widget__width-initial elementor-widget elementor-widget-text-editor\" data-id=\"b30f397\" data-element_type=\"widget\" data-e-type=\"widget\" data-widget_type=\"text-editor.default\">\n\t\t\t\t<div class=\"elementor-widget-container\">\n\t\t\t\t\t\t\t\t\t<p><strong>Acreditada por la CONEAU (IF-2024-25011341-APN-CONEAU#MCH), C.S. Ord. 1972<\/strong><\/p><p>INSCRIPCIONES ABIERTAS HASTA EL 13\/06\/2025<\/p>\t\t\t\t\t\t\t\t<\/div>\n\t\t\t\t<\/div>\n\t\t\t\t<div class=\"elementor-element elementor-element-dde9b1f list-link elementor-icon-list--layout-traditional elementor-list-item-link-full_width elementor-widget elementor-widget-icon-list\" data-id=\"dde9b1f\" data-element_type=\"widget\" data-e-type=\"widget\" data-widget_type=\"icon-list.default\">\n\t\t\t\t<div class=\"elementor-widget-container\">\n\t\t\t\t\t\t\t<ul class=\"elementor-icon-list-items\">\n\t\t\t\t\t\t\t<li class=\"elementor-icon-list-item\">\n\t\t\t\t\t\t\t\t\t\t\t<span class=\"elementor-icon-list-icon\">\n\t\t\t\t\t\t\t<svg xmlns=\"http:\/\/www.w3.org\/2000\/svg\" width=\"7\" height=\"8\" viewBox=\"0 0 7 8\" fill=\"none\"><path d=\"M6.84082 3.95581L0.0908199 7.85292L0.0908203 0.058696L6.84082 3.95581Z\" fill=\"#29CDE5\"><\/path><\/svg>\t\t\t\t\t\t<\/span>\n\t\t\t\t\t\t\t\t\t\t<span class=\"elementor-icon-list-text\">Inicio: 11\/08\/2025<\/span>\n\t\t\t\t\t\t\t\t\t<\/li>\n\t\t\t\t\t\t\t\t<li class=\"elementor-icon-list-item\">\n\t\t\t\t\t\t\t\t\t\t\t<span class=\"elementor-icon-list-icon\">\n\t\t\t\t\t\t\t<svg xmlns=\"http:\/\/www.w3.org\/2000\/svg\" width=\"7\" height=\"8\" viewBox=\"0 0 7 8\" fill=\"none\"><path d=\"M6.84082 3.95581L0.0908199 7.85292L0.0908203 0.058696L6.84082 3.95581Z\" fill=\"#29CDE5\"><\/path><\/svg>\t\t\t\t\t\t<\/span>\n\t\t\t\t\t\t\t\t\t\t<span class=\"elementor-icon-list-text\">Titulaci\u00f3n: Mag\u00edster en Energ\u00edas Renovables Menci\u00f3n E\u00f3lica Menci\u00f3n Solar<\/span>\n\t\t\t\t\t\t\t\t\t<\/li>\n\t\t\t\t\t\t<\/ul>\n\t\t\t\t\t\t<\/div>\n\t\t\t\t<\/div>\n\t\t\t\t<div class=\"elementor-element elementor-element-bb94d54 elementor-widget__width-initial elementor-widget elementor-widget-text-editor\" data-id=\"bb94d54\" data-element_type=\"widget\" data-e-type=\"widget\" data-widget_type=\"text-editor.default\">\n\t\t\t\t<div class=\"elementor-widget-container\">\n\t\t\t\t\t\t\t\t\t<p>El Mag\u00edster en Energ\u00edas Renovables con sus correspondientes Menciones, con base en una s\u00f3lida formaci\u00f3n integrada en las \u00e1reas cient\u00edfica y tecnol\u00f3gica, estar\u00e1 capacitado para la evaluaci\u00f3n y an\u00e1lisis de alternativas, as\u00ed como el dise\u00f1o, planificaci\u00f3n e implementaci\u00f3n de propuestas vinculadas con la gesti\u00f3n energ\u00e9tica.<br \/>A trav\u00e9s de la adquisici\u00f3n de los conocimientos necesarios para planificar y desarrollar la inserci\u00f3n de las fuentes de origen renovable en el suministro energ\u00e9tico.<\/p><p>El egresado de la Maestr\u00eda en Energ\u00edas Renovables, Menci\u00f3n E\u00f3lica, adem\u00e1s estar\u00e1 capacitado para:<\/p>\t\t\t\t\t\t\t\t<\/div>\n\t\t\t\t<\/div>\n\t\t\t\t<div class=\"elementor-element elementor-element-854cc7b elementor-icon-list--layout-traditional elementor-list-item-link-full_width elementor-widget elementor-widget-icon-list\" data-id=\"854cc7b\" data-element_type=\"widget\" data-e-type=\"widget\" data-widget_type=\"icon-list.default\">\n\t\t\t\t<div class=\"elementor-widget-container\">\n\t\t\t\t\t\t\t<ul class=\"elementor-icon-list-items\">\n\t\t\t\t\t\t\t<li class=\"elementor-icon-list-item\">\n\t\t\t\t\t\t\t\t\t\t\t<span class=\"elementor-icon-list-icon\">\n\t\t\t\t\t\t\t<svg xmlns=\"http:\/\/www.w3.org\/2000\/svg\" width=\"7\" height=\"8\" viewBox=\"0 0 7 8\" fill=\"none\"><path d=\"M6.84082 3.95581L0.0908199 7.85292L0.0908203 0.058696L6.84082 3.95581Z\" fill=\"#29CDE5\"><\/path><\/svg>\t\t\t\t\t\t<\/span>\n\t\t\t\t\t\t\t\t\t\t<span class=\"elementor-icon-list-text\">El dise\u00f1o de componentes de aerogeneradores.<\/span>\n\t\t\t\t\t\t\t\t\t<\/li>\n\t\t\t\t\t\t\t\t<li class=\"elementor-icon-list-item\">\n\t\t\t\t\t\t\t\t\t\t\t<span class=\"elementor-icon-list-icon\">\n\t\t\t\t\t\t\t<svg xmlns=\"http:\/\/www.w3.org\/2000\/svg\" width=\"7\" height=\"8\" viewBox=\"0 0 7 8\" fill=\"none\"><path d=\"M6.84082 3.95581L0.0908199 7.85292L0.0908203 0.058696L6.84082 3.95581Z\" fill=\"#29CDE5\"><\/path><\/svg>\t\t\t\t\t\t<\/span>\n\t\t\t\t\t\t\t\t\t\t<span class=\"elementor-icon-list-text\">El dise\u00f1o, operaci\u00f3n y mantenimiento de parques e\u00f3licos.<\/span>\n\t\t\t\t\t\t\t\t\t<\/li>\n\t\t\t\t\t\t\t\t<li class=\"elementor-icon-list-item\">\n\t\t\t\t\t\t\t\t\t\t\t<span class=\"elementor-icon-list-icon\">\n\t\t\t\t\t\t\t<svg xmlns=\"http:\/\/www.w3.org\/2000\/svg\" width=\"7\" height=\"8\" viewBox=\"0 0 7 8\" fill=\"none\"><path d=\"M6.84082 3.95581L0.0908199 7.85292L0.0908203 0.058696L6.84082 3.95581Z\" fill=\"#29CDE5\"><\/path><\/svg>\t\t\t\t\t\t<\/span>\n\t\t\t\t\t\t\t\t\t\t<span class=\"elementor-icon-list-text\">La vinculaci\u00f3n de sistemas e\u00f3licos en redes nacionales.<\/span>\n\t\t\t\t\t\t\t\t\t<\/li>\n\t\t\t\t\t\t\t\t<li class=\"elementor-icon-list-item\">\n\t\t\t\t\t\t\t\t\t\t\t<span class=\"elementor-icon-list-icon\">\n\t\t\t\t\t\t\t<svg xmlns=\"http:\/\/www.w3.org\/2000\/svg\" width=\"7\" height=\"8\" viewBox=\"0 0 7 8\" fill=\"none\"><path d=\"M6.84082 3.95581L0.0908199 7.85292L0.0908203 0.058696L6.84082 3.95581Z\" fill=\"#29CDE5\"><\/path><\/svg>\t\t\t\t\t\t<\/span>\n\t\t\t\t\t\t\t\t\t\t<span class=\"elementor-icon-list-text\">La integraci\u00f3n de la generaci\u00f3n e\u00f3lica en sistemas h\u00edbridos y microrredes.<\/span>\n\t\t\t\t\t\t\t\t\t<\/li>\n\t\t\t\t\t\t<\/ul>\n\t\t\t\t\t\t<\/div>\n\t\t\t\t<\/div>\n\t\t\t\t<div class=\"elementor-element elementor-element-fb40475 elementor-widget__width-initial elementor-widget elementor-widget-text-editor\" data-id=\"fb40475\" data-element_type=\"widget\" data-e-type=\"widget\" data-widget_type=\"text-editor.default\">\n\t\t\t\t<div class=\"elementor-widget-container\">\n\t\t\t\t\t\t\t\t\t<p>El egresado de la Maestr\u00eda en Energ\u00edas Renovables, Menci\u00f3n Solar,<br \/>adem\u00e1s estar\u00e1 capacitado para:<\/p>\t\t\t\t\t\t\t\t<\/div>\n\t\t\t\t<\/div>\n\t\t\t\t<div class=\"elementor-element elementor-element-005a085 elementor-icon-list--layout-traditional elementor-list-item-link-full_width elementor-widget elementor-widget-icon-list\" data-id=\"005a085\" data-element_type=\"widget\" data-e-type=\"widget\" data-widget_type=\"icon-list.default\">\n\t\t\t\t<div class=\"elementor-widget-container\">\n\t\t\t\t\t\t\t<ul class=\"elementor-icon-list-items\">\n\t\t\t\t\t\t\t<li class=\"elementor-icon-list-item\">\n\t\t\t\t\t\t\t\t\t\t\t<span class=\"elementor-icon-list-icon\">\n\t\t\t\t\t\t\t<svg xmlns=\"http:\/\/www.w3.org\/2000\/svg\" width=\"7\" height=\"8\" viewBox=\"0 0 7 8\" fill=\"none\"><path d=\"M6.84082 3.95581L0.0908199 7.85292L0.0908203 0.058696L6.84082 3.95581Z\" fill=\"#29CDE5\"><\/path><\/svg>\t\t\t\t\t\t<\/span>\n\t\t\t\t\t\t\t\t\t\t<span class=\"elementor-icon-list-text\">El dise\u00f1o de componentes de celdas solares fotovoltaicas, plantas solares y la fabricaci\u00f3n de celdas de silicio<\/span>\n\t\t\t\t\t\t\t\t\t<\/li>\n\t\t\t\t\t\t\t\t<li class=\"elementor-icon-list-item\">\n\t\t\t\t\t\t\t\t\t\t\t<span class=\"elementor-icon-list-icon\">\n\t\t\t\t\t\t\t<svg xmlns=\"http:\/\/www.w3.org\/2000\/svg\" width=\"7\" height=\"8\" viewBox=\"0 0 7 8\" fill=\"none\"><path d=\"M6.84082 3.95581L0.0908199 7.85292L0.0908203 0.058696L6.84082 3.95581Z\" fill=\"#29CDE5\"><\/path><\/svg>\t\t\t\t\t\t<\/span>\n\t\t\t\t\t\t\t\t\t\t<span class=\"elementor-icon-list-text\">El desarrollo de la calefacci\u00f3n solar para uso en sistemas de Agua Caliente Sanitaria.<\/span>\n\t\t\t\t\t\t\t\t\t<\/li>\n\t\t\t\t\t\t\t\t<li class=\"elementor-icon-list-item\">\n\t\t\t\t\t\t\t\t\t\t\t<span class=\"elementor-icon-list-icon\">\n\t\t\t\t\t\t\t<svg xmlns=\"http:\/\/www.w3.org\/2000\/svg\" width=\"7\" height=\"8\" viewBox=\"0 0 7 8\" fill=\"none\"><path d=\"M6.84082 3.95581L0.0908199 7.85292L0.0908203 0.058696L6.84082 3.95581Z\" fill=\"#29CDE5\"><\/path><\/svg>\t\t\t\t\t\t<\/span>\n\t\t\t\t\t\t\t\t\t\t<span class=\"elementor-icon-list-text\">La coordinaci\u00f3n y direcci\u00f3n de plantas solares de alta temperatura.<\/span>\n\t\t\t\t\t\t\t\t\t<\/li>\n\t\t\t\t\t\t\t\t<li class=\"elementor-icon-list-item\">\n\t\t\t\t\t\t\t\t\t\t\t<span class=\"elementor-icon-list-icon\">\n\t\t\t\t\t\t\t<svg xmlns=\"http:\/\/www.w3.org\/2000\/svg\" width=\"7\" height=\"8\" viewBox=\"0 0 7 8\" fill=\"none\"><path d=\"M6.84082 3.95581L0.0908199 7.85292L0.0908203 0.058696L6.84082 3.95581Z\" fill=\"#29CDE5\"><\/path><\/svg>\t\t\t\t\t\t<\/span>\n\t\t\t\t\t\t\t\t\t\t<span class=\"elementor-icon-list-text\">El dimensionamiento y modelizaci\u00f3n de construcciones ambientalmente sostenibles.<\/span>\n\t\t\t\t\t\t\t\t\t<\/li>\n\t\t\t\t\t\t\t\t<li class=\"elementor-icon-list-item\">\n\t\t\t\t\t\t\t\t\t\t\t<span class=\"elementor-icon-list-icon\">\n\t\t\t\t\t\t\t<svg xmlns=\"http:\/\/www.w3.org\/2000\/svg\" width=\"7\" height=\"8\" viewBox=\"0 0 7 8\" fill=\"none\"><path d=\"M6.84082 3.95581L0.0908199 7.85292L0.0908203 0.058696L6.84082 3.95581Z\" fill=\"#29CDE5\"><\/path><\/svg>\t\t\t\t\t\t<\/span>\n\t\t\t\t\t\t\t\t\t\t<span class=\"elementor-icon-list-text\">La integraci\u00f3n de la energ\u00eda solar en sistemas de generaci\u00f3n distribuida, h\u00edbridos y microrredes.<\/span>\n\t\t\t\t\t\t\t\t\t<\/li>\n\t\t\t\t\t\t<\/ul>\n\t\t\t\t\t\t<\/div>\n\t\t\t\t<\/div>\n\t\t\t\t<div class=\"elementor-element elementor-element-effd8f1 elementor-widget__width-initial link-text-regular elementor-widget elementor-widget-text-editor\" data-id=\"effd8f1\" data-element_type=\"widget\" data-e-type=\"widget\" data-widget_type=\"text-editor.default\">\n\t\t\t\t<div class=\"elementor-widget-container\">\n\t\t\t\t\t\t\t\t\t<p><strong>ESTRUCTURA CURRICULAR: <\/strong>3 ciclos<\/p>\t\t\t\t\t\t\t\t<\/div>\n\t\t\t\t<\/div>\n\t\t\t\t<div class=\"elementor-element elementor-element-fa93919 elementor-icon-list--layout-traditional elementor-list-item-link-full_width elementor-widget elementor-widget-icon-list\" data-id=\"fa93919\" data-element_type=\"widget\" data-e-type=\"widget\" data-widget_type=\"icon-list.default\">\n\t\t\t\t<div class=\"elementor-widget-container\">\n\t\t\t\t\t\t\t<ul class=\"elementor-icon-list-items\">\n\t\t\t\t\t\t\t<li class=\"elementor-icon-list-item\">\n\t\t\t\t\t\t\t\t\t\t\t<span class=\"elementor-icon-list-icon\">\n\t\t\t\t\t\t\t<svg xmlns=\"http:\/\/www.w3.org\/2000\/svg\" width=\"7\" height=\"8\" viewBox=\"0 0 7 8\" fill=\"none\"><path d=\"M6.84082 3.95581L0.0908199 7.85292L0.0908203 0.058696L6.84082 3.95581Z\" fill=\"#29CDE5\"><\/path><\/svg>\t\t\t\t\t\t<\/span>\n\t\t\t\t\t\t\t\t\t\t<span class=\"elementor-icon-list-text\">Fundamentos<\/span>\n\t\t\t\t\t\t\t\t\t<\/li>\n\t\t\t\t\t\t\t\t<li class=\"elementor-icon-list-item\">\n\t\t\t\t\t\t\t\t\t\t\t<span class=\"elementor-icon-list-icon\">\n\t\t\t\t\t\t\t<svg xmlns=\"http:\/\/www.w3.org\/2000\/svg\" width=\"7\" height=\"8\" viewBox=\"0 0 7 8\" fill=\"none\"><path d=\"M6.84082 3.95581L0.0908199 7.85292L0.0908203 0.058696L6.84082 3.95581Z\" fill=\"#29CDE5\"><\/path><\/svg>\t\t\t\t\t\t<\/span>\n\t\t\t\t\t\t\t\t\t\t<span class=\"elementor-icon-list-text\">Orientaci\u00f3n (Menci\u00f3n)<\/span>\n\t\t\t\t\t\t\t\t\t<\/li>\n\t\t\t\t\t\t\t\t<li class=\"elementor-icon-list-item\">\n\t\t\t\t\t\t\t\t\t\t\t<span class=\"elementor-icon-list-icon\">\n\t\t\t\t\t\t\t<svg xmlns=\"http:\/\/www.w3.org\/2000\/svg\" width=\"7\" height=\"8\" viewBox=\"0 0 7 8\" fill=\"none\"><path d=\"M6.84082 3.95581L0.0908199 7.85292L0.0908203 0.058696L6.84082 3.95581Z\" fill=\"#29CDE5\"><\/path><\/svg>\t\t\t\t\t\t<\/span>\n\t\t\t\t\t\t\t\t\t\t<span class=\"elementor-icon-list-text\">Metodol\u00f3gico (Tesis y Actividades Complementarias)<\/span>\n\t\t\t\t\t\t\t\t\t<\/li>\n\t\t\t\t\t\t<\/ul>\n\t\t\t\t\t\t<\/div>\n\t\t\t\t<\/div>\n\t\t\t\t<div class=\"elementor-element elementor-element-c2432cb elementor-widget__width-initial link-text-regular elementor-widget elementor-widget-text-editor\" data-id=\"c2432cb\" data-element_type=\"widget\" data-e-type=\"widget\" data-widget_type=\"text-editor.default\">\n\t\t\t\t<div class=\"elementor-widget-container\">\n\t\t\t\t\t\t\t\t\t<p><strong>MODALIDAD DE CURSADO:<\/strong><\/p>\t\t\t\t\t\t\t\t<\/div>\n\t\t\t\t<\/div>\n\t\t\t\t<div class=\"elementor-element elementor-element-ed5e65b elementor-icon-list--layout-traditional elementor-list-item-link-full_width elementor-widget elementor-widget-icon-list\" data-id=\"ed5e65b\" data-element_type=\"widget\" data-e-type=\"widget\" data-widget_type=\"icon-list.default\">\n\t\t\t\t<div class=\"elementor-widget-container\">\n\t\t\t\t\t\t\t<ul class=\"elementor-icon-list-items\">\n\t\t\t\t\t\t\t<li class=\"elementor-icon-list-item\">\n\t\t\t\t\t\t\t\t\t\t\t<span class=\"elementor-icon-list-icon\">\n\t\t\t\t\t\t\t<svg xmlns=\"http:\/\/www.w3.org\/2000\/svg\" width=\"7\" height=\"8\" viewBox=\"0 0 7 8\" fill=\"none\"><path d=\"M6.84082 3.95581L0.0908199 7.85292L0.0908203 0.058696L6.84082 3.95581Z\" fill=\"#29CDE5\"><\/path><\/svg>\t\t\t\t\t\t<\/span>\n\t\t\t\t\t\t\t\t\t\t<span class=\"elementor-icon-list-text\">Cursado presencial y virtual (sincr\u00f3nico y asincr\u00f3nico - m\u00ednimo 80 % de asistencia)<\/span>\n\t\t\t\t\t\t\t\t\t<\/li>\n\t\t\t\t\t\t<\/ul>\n\t\t\t\t\t\t<\/div>\n\t\t\t\t<\/div>\n\t\t\t\t<div class=\"elementor-element elementor-element-9c1177e elementor-widget__width-initial link-text-regular elementor-widget elementor-widget-text-editor\" data-id=\"9c1177e\" data-element_type=\"widget\" data-e-type=\"widget\" data-widget_type=\"text-editor.default\">\n\t\t\t\t<div class=\"elementor-widget-container\">\n\t\t\t\t\t\t\t\t\t<p><strong>CARGA HORARIA:<\/strong> 740 horas<\/p>\t\t\t\t\t\t\t\t<\/div>\n\t\t\t\t<\/div>\n\t\t\t\t<div class=\"elementor-element elementor-element-78661c9 elementor-icon-list--layout-traditional elementor-list-item-link-full_width elementor-widget elementor-widget-icon-list\" data-id=\"78661c9\" data-element_type=\"widget\" data-e-type=\"widget\" data-widget_type=\"icon-list.default\">\n\t\t\t\t<div class=\"elementor-widget-container\">\n\t\t\t\t\t\t\t<ul class=\"elementor-icon-list-items\">\n\t\t\t\t\t\t\t<li class=\"elementor-icon-list-item\">\n\t\t\t\t\t\t\t\t\t\t\t<span class=\"elementor-icon-list-icon\">\n\t\t\t\t\t\t\t<svg xmlns=\"http:\/\/www.w3.org\/2000\/svg\" width=\"7\" height=\"8\" viewBox=\"0 0 7 8\" fill=\"none\"><path d=\"M6.84082 3.95581L0.0908199 7.85292L0.0908203 0.058696L6.84082 3.95581Z\" fill=\"#29CDE5\"><\/path><\/svg>\t\t\t\t\t\t<\/span>\n\t\t\t\t\t\t\t\t\t\t<span class=\"elementor-icon-list-text\">300 horas (Ciclo fundamento)<\/span>\n\t\t\t\t\t\t\t\t\t<\/li>\n\t\t\t\t\t\t\t\t<li class=\"elementor-icon-list-item\">\n\t\t\t\t\t\t\t\t\t\t\t<span class=\"elementor-icon-list-icon\">\n\t\t\t\t\t\t\t<svg xmlns=\"http:\/\/www.w3.org\/2000\/svg\" width=\"7\" height=\"8\" viewBox=\"0 0 7 8\" fill=\"none\"><path d=\"M6.84082 3.95581L0.0908199 7.85292L0.0908203 0.058696L6.84082 3.95581Z\" fill=\"#29CDE5\"><\/path><\/svg>\t\t\t\t\t\t<\/span>\n\t\t\t\t\t\t\t\t\t\t<span class=\"elementor-icon-list-text\">250 horas (Ciclo especializaci\u00f3n)<\/span>\n\t\t\t\t\t\t\t\t\t<\/li>\n\t\t\t\t\t\t\t\t<li class=\"elementor-icon-list-item\">\n\t\t\t\t\t\t\t\t\t\t\t<span class=\"elementor-icon-list-icon\">\n\t\t\t\t\t\t\t<svg xmlns=\"http:\/\/www.w3.org\/2000\/svg\" width=\"7\" height=\"8\" viewBox=\"0 0 7 8\" fill=\"none\"><path d=\"M6.84082 3.95581L0.0908199 7.85292L0.0908203 0.058696L6.84082 3.95581Z\" fill=\"#29CDE5\"><\/path><\/svg>\t\t\t\t\t\t<\/span>\n\t\t\t\t\t\t\t\t\t\t<span class=\"elementor-icon-list-text\">190 horas (Metodol\u00f3gico)<\/span>\n\t\t\t\t\t\t\t\t\t<\/li>\n\t\t\t\t\t\t\t\t<li class=\"elementor-icon-list-item\">\n\t\t\t\t\t\t\t\t\t\t\t<span class=\"elementor-icon-list-icon\">\n\t\t\t\t\t\t\t<svg xmlns=\"http:\/\/www.w3.org\/2000\/svg\" width=\"7\" height=\"8\" viewBox=\"0 0 7 8\" fill=\"none\"><path d=\"M6.84082 3.95581L0.0908199 7.85292L0.0908203 0.058696L6.84082 3.95581Z\" fill=\"#29CDE5\"><\/path><\/svg>\t\t\t\t\t\t<\/span>\n\t\t\t\t\t\t\t\t\t\t<span class=\"elementor-icon-list-text\">30 horas (Seminario de tesis)<\/span>\n\t\t\t\t\t\t\t\t\t<\/li>\n\t\t\t\t\t\t\t\t<li class=\"elementor-icon-list-item\">\n\t\t\t\t\t\t\t\t\t\t\t<span class=\"elementor-icon-list-icon\">\n\t\t\t\t\t\t\t<svg xmlns=\"http:\/\/www.w3.org\/2000\/svg\" width=\"7\" height=\"8\" viewBox=\"0 0 7 8\" fill=\"none\"><path d=\"M6.84082 3.95581L0.0908199 7.85292L0.0908203 0.058696L6.84082 3.95581Z\" fill=\"#29CDE5\"><\/path><\/svg>\t\t\t\t\t\t<\/span>\n\t\t\t\t\t\t\t\t\t\t<span class=\"elementor-icon-list-text\">160 horas (Proyectos de Investigaci\u00f3n o en Lab. Acreditados)<\/span>\n\t\t\t\t\t\t\t\t\t<\/li>\n\t\t\t\t\t\t<\/ul>\n\t\t\t\t\t\t<\/div>\n\t\t\t\t<\/div>\n\t\t\t\t<div class=\"elementor-element elementor-element-3b5ee39 elementor-widget__width-initial link-text-regular elementor-widget elementor-widget-text-editor\" data-id=\"3b5ee39\" data-element_type=\"widget\" data-e-type=\"widget\" data-widget_type=\"text-editor.default\">\n\t\t\t\t<div class=\"elementor-widget-container\">\n\t\t\t\t\t\t\t\t\t<p><strong>REQUISITOS DE INGRESO:<\/strong><\/p>\t\t\t\t\t\t\t\t<\/div>\n\t\t\t\t<\/div>\n\t\t\t\t<div class=\"elementor-element elementor-element-eb73529 elementor-icon-list--layout-traditional elementor-list-item-link-full_width elementor-widget elementor-widget-icon-list\" data-id=\"eb73529\" data-element_type=\"widget\" data-e-type=\"widget\" data-widget_type=\"icon-list.default\">\n\t\t\t\t<div class=\"elementor-widget-container\">\n\t\t\t\t\t\t\t<ul class=\"elementor-icon-list-items\">\n\t\t\t\t\t\t\t<li class=\"elementor-icon-list-item\">\n\t\t\t\t\t\t\t\t\t\t\t<span class=\"elementor-icon-list-icon\">\n\t\t\t\t\t\t\t<svg xmlns=\"http:\/\/www.w3.org\/2000\/svg\" width=\"7\" height=\"8\" viewBox=\"0 0 7 8\" fill=\"none\"><path d=\"M6.84082 3.95581L0.0908199 7.85292L0.0908203 0.058696L6.84082 3.95581Z\" fill=\"#29CDE5\"><\/path><\/svg>\t\t\t\t\t\t<\/span>\n\t\t\t\t\t\t\t\t\t\t<span class=\"elementor-icon-list-text\">Ingenieros<\/span>\n\t\t\t\t\t\t\t\t\t<\/li>\n\t\t\t\t\t\t\t\t<li class=\"elementor-icon-list-item\">\n\t\t\t\t\t\t\t\t\t\t\t<span class=\"elementor-icon-list-icon\">\n\t\t\t\t\t\t\t<svg xmlns=\"http:\/\/www.w3.org\/2000\/svg\" width=\"7\" height=\"8\" viewBox=\"0 0 7 8\" fill=\"none\"><path d=\"M6.84082 3.95581L0.0908199 7.85292L0.0908203 0.058696L6.84082 3.95581Z\" fill=\"#29CDE5\"><\/path><\/svg>\t\t\t\t\t\t<\/span>\n\t\t\t\t\t\t\t\t\t\t<span class=\"elementor-icon-list-text\">Profesionales del campo de las ciencias b\u00e1sicas o exactas<\/span>\n\t\t\t\t\t\t\t\t\t<\/li>\n\t\t\t\t\t\t\t\t<li class=\"elementor-icon-list-item\">\n\t\t\t\t\t\t\t\t\t\t\t<span class=\"elementor-icon-list-icon\">\n\t\t\t\t\t\t\t<svg xmlns=\"http:\/\/www.w3.org\/2000\/svg\" width=\"7\" height=\"8\" viewBox=\"0 0 7 8\" fill=\"none\"><path d=\"M6.84082 3.95581L0.0908199 7.85292L0.0908203 0.058696L6.84082 3.95581Z\" fill=\"#29CDE5\"><\/path><\/svg>\t\t\t\t\t\t<\/span>\n\t\t\t\t\t\t\t\t\t\t<span class=\"elementor-icon-list-text\">Ingl\u00e9s (lectura y escritura)<\/span>\n\t\t\t\t\t\t\t\t\t<\/li>\n\t\t\t\t\t\t\t\t<li class=\"elementor-icon-list-item\">\n\t\t\t\t\t\t\t\t\t\t\t<span class=\"elementor-icon-list-icon\">\n\t\t\t\t\t\t\t<svg xmlns=\"http:\/\/www.w3.org\/2000\/svg\" width=\"7\" height=\"8\" viewBox=\"0 0 7 8\" fill=\"none\"><path d=\"M6.84082 3.95581L0.0908199 7.85292L0.0908203 0.058696L6.84082 3.95581Z\" fill=\"#29CDE5\"><\/path><\/svg>\t\t\t\t\t\t<\/span>\n\t\t\t\t\t\t\t\t\t\t<span class=\"elementor-icon-list-text\">Entrevista de admisi\u00f3n<\/span>\n\t\t\t\t\t\t\t\t\t<\/li>\n\t\t\t\t\t\t<\/ul>\n\t\t\t\t\t\t<\/div>\n\t\t\t\t<\/div>\n\t\t\t\t<\/div>\n\t\t<div class=\"elementor-element elementor-element-aced646 e-con-full e-flex e-con e-child\" data-id=\"aced646\" data-element_type=\"container\" data-e-type=\"container\">\n\t\t\t\t<div class=\"elementor-element elementor-element-cfce495 elementor-widget elementor-widget-image\" data-id=\"cfce495\" data-element_type=\"widget\" data-e-type=\"widget\" data-widget_type=\"image.default\">\n\t\t\t\t<div class=\"elementor-widget-container\">\n\t\t\t\t\t\t\t\t\t\t\t\t\t\t\t<img fetchpriority=\"high\" decoding=\"async\" width=\"608\" height=\"695\" src=\"https:\/\/www.frn.utn.edu.ar\/wp-content\/uploads\/2025\/06\/inscripciones-energias-WEB-MOVIL.png\" class=\"attachment-large size-large wp-image-2456\" alt=\"\" srcset=\"https:\/\/www.frn.utn.edu.ar\/wp-content\/uploads\/2025\/06\/inscripciones-energias-WEB-MOVIL.png 608w, https:\/\/www.frn.utn.edu.ar\/wp-content\/uploads\/2025\/06\/inscripciones-energias-WEB-MOVIL-262x300.png 262w\" sizes=\"(max-width: 608px) 100vw, 608px\" \/>\t\t\t\t\t\t\t\t\t\t\t\t\t\t\t<\/div>\n\t\t\t\t<\/div>\n\t\t\t\t<\/div>\n\t\t\t\t\t<\/div>\n\t\t\t\t<\/div>\n\t\t\t\t<\/div>\n\t\t","protected":false},"excerpt":{"rendered":"<p>Carrera de Posgrado Maestr\u00eda en Energ\u00edas Renovables, Menci\u00f3n E\u00f3lica y Solar Acreditada por la CONEAU (IF-2024-25011341-APN-CONEAU#MCH), C.S. Ord. 1972 INSCRIPCIONES ABIERTAS HASTA EL 13\/06\/2025 Inicio: 11\/08\/2025 Titulaci\u00f3n: Mag\u00edster en Energ\u00edas Renovables Menci\u00f3n E\u00f3lica Menci\u00f3n Solar El Mag\u00edster en Energ\u00edas Renovables con sus correspondientes Menciones, con base en una s\u00f3lida formaci\u00f3n integrada en las \u00e1reas cient\u00edfica [&hellip;]<\/p>\n","protected":false},"author":2,"featured_media":0,"parent":0,"menu_order":0,"comment_status":"closed","ping_status":"closed","template":"","meta":{"_acf_changed":false,"footnotes":""},"class_list":["post-1076","page","type-page","status-publish","hentry"],"acf":[],"_links":{"self":[{"href":"https:\/\/www.frn.utn.edu.ar\/index.php\/wp-json\/wp\/v2\/pages\/1076","targetHints":{"allow":["GET"]}}],"collection":[{"href":"https:\/\/www.frn.utn.edu.ar\/index.php\/wp-json\/wp\/v2\/pages"}],"about":[{"href":"https:\/\/www.frn.utn.edu.ar\/index.php\/wp-json\/wp\/v2\/types\/page"}],"author":[{"embeddable":true,"href":"https:\/\/www.frn.utn.edu.ar\/index.php\/wp-json\/wp\/v2\/users\/2"}],"replies":[{"embeddable":true,"href":"https:\/\/www.frn.utn.edu.ar\/index.php\/wp-json\/wp\/v2\/comments?post=1076"}],"version-history":[{"count":16,"href":"https:\/\/www.frn.utn.edu.ar\/index.php\/wp-json\/wp\/v2\/pages\/1076\/revisions"}],"predecessor-version":[{"id":2459,"href":"https:\/\/www.frn.utn.edu.ar\/index.php\/wp-json\/wp\/v2\/pages\/1076\/revisions\/2459"}],"wp:attachment":[{"href":"https:\/\/www.frn.utn.edu.ar\/index.php\/wp-json\/wp\/v2\/media?parent=1076"}],"curies":[{"name":"wp","href":"https:\/\/api.w.org\/{rel}","templated":true}]}}